{"id":2881,"date":"2025-03-25T12:47:14","date_gmt":"2025-03-25T12:47:14","guid":{"rendered":"https:\/\/acl-directpromo.com\/politica-de-gestion\/"},"modified":"2025-03-25T15:43:50","modified_gmt":"2025-03-25T15:43:50","slug":"politica-de-gestion","status":"publish","type":"page","link":"https:\/\/acl-directpromo.com\/en\/politica-de-gestion\/","title":{"rendered":"Pol\u00edtica de Gesti\u00f3n"},"content":{"rendered":"<div class=\"wpb-content-wrapper\"><p>[vc_row][vc_column]<div class=\"ult-spacer spacer-69ef8aac1f741\" data-id=\"69ef8aac1f741\" data-height=\"150\" data-height-mobile=\"80\" data-height-tab=\"\" data-height-tab-portrait=\"\" data-height-mobile-landscape=\"50\" style=\"clear:both;display:block;\"><\/div>[vc_custom_heading text=&#8221;Pol\u00edtica de Gesti\u00f3n&#8221; font_container=&#8221;tag:h1|text_align:center&#8221; use_theme_fonts=&#8221;yes&#8221; el_class=&#8221;primary-color&#8221;]<div class=\"ult-spacer spacer-69ef8aac1f7a0\" data-id=\"69ef8aac1f7a0\" data-height=\"50\" data-height-mobile=\"50\" data-height-tab=\"50\" data-height-tab-portrait=\"\" data-height-mobile-landscape=\"\" style=\"clear:both;display:block;\"><\/div>[\/vc_column][\/vc_row][vc_row][vc_column][vc_column_text]ACL DIRECTPROMO is a company dedicated to managing incentive promotions that its clients (the promoting companies) carry out with their distributors, customers, or commercial networks.<\/p>\n<p>Since its founding, it has been fully committed to Service Quality as the cornerstone of its corporate strategy, as well as to Information Security.<\/p>\n<p>ACL\u2019s quality policy is to deliver its services in accordance with the clients\u2019 requirements and needs, as well as with legal, regulatory, and any other subscribed requirements. ACL does not consider acceptable any commitment that may compromise these principles.<\/p>\n<p>Using the UNE EN ISO 9001:2015 and UNE EN ISO 27001:2023 standards as a reference for its Quality and Information Security Management System, ACL conducts ongoing performance analysis to achieve continuous improvement in its management method. To this end, it sets and communicates objectives and goals, which are used as a permanent tool to review the system.<\/p>\n<p>Regarding the information management system, ACL\u2019s management is committed to:<\/p>\n<ul style=\"font-size: 17px;\">\n<li><strong>Access<\/strong>: Our clients can securely access the information we generate on their behalf while providing services.<\/li>\n<li><strong>Trust<\/strong>: Maintain trust with all our clients, as well as with other stakeholders involved in the company&#8217;s operations.<\/li>\n<li><strong>Culture improvement<\/strong>: Promote and strengthen a culture of Security among employees.<\/li>\n<li><strong>Business continuity<\/strong>: Establish an action plan to respond to any incident that ensures the continuity of service delivery.<\/li>\n<li><strong>Integrity<\/strong>: We work to prevent information from being altered or incomplete. We safeguard the accuracy and completeness of the information.<\/li>\n<li><strong>Confidentiality<\/strong>: Only individuals authorized by our clients may access the information.<\/li>\n<li><strong>Security assurance<\/strong>: We have developed a management system that permanently incorporates best security practices.<\/li>\n<li><strong>Compliance with Contractual, Legal, and Regulatory Requirements<\/strong>.<\/li>\n<\/ul>\n<p>ACL\u2019s Management fosters and promotes cooperation and respect toward clients, employees, partners, suppliers, and representatives of public administrations.<\/p>\n<p>To achieve this, ACL\u2019s Management is committed to providing the necessary resources for the development and continuous improvement of the Quality and Information Security Management System, ensuring it is fully integrated into its short-, medium-, and long-term activities.[\/vc_column_text][\/vc_column][\/vc_row]<\/p>\n<\/div>","protected":false},"excerpt":{"rendered":"<p>[vc_row][vc_column][vc_custom_heading text=&#8221;Pol\u00edtica de Gesti\u00f3n&#8221; font_container=&#8221;tag:h1|text_align:center&#8221; use_theme_fonts=&#8221;yes&#8221; el_class=&#8221;primary-color&#8221;][\/vc_column][\/vc_row][vc_row][vc_column][vc_column_text]ACL DIRECTPROMO is a company dedicated to managing incentive promotions that its clients (the promoting companies) carry out with their distributors, customers, or commercial networks. Since its founding, it has been fully committed to Service Quality as the cornerstone of its corporate strategy, as well as to Information Security. [&hellip;]<\/p>\n","protected":false},"author":8,"featured_media":0,"parent":0,"menu_order":0,"comment_status":"closed","ping_status":"closed","template":"","meta":{"footnotes":""},"yoast_head":"<!-- This site is optimized with the Yoast SEO plugin v21.3 - https:\/\/yoast.com\/wordpress\/plugins\/seo\/ -->\n<title>Pol\u00edtica de Gesti\u00f3n - ACL Direct Promo<\/title>\n<meta name=\"robots\" content=\"index, follow, max-snippet:-1, max-image-preview:large, max-video-preview:-1\" \/>\n<link rel=\"canonical\" href=\"https:\/\/acl-directpromo.com\/en\/politica-de-gestion\/\" \/>\n<meta property=\"og:locale\" content=\"en_US\" \/>\n<meta property=\"og:type\" content=\"article\" \/>\n<meta property=\"og:title\" content=\"Pol\u00edtica de Gesti\u00f3n - ACL Direct Promo\" \/>\n<meta property=\"og:description\" content=\"[vc_row][vc_column][vc_custom_heading text=&#8221;Pol\u00edtica de Gesti\u00f3n&#8221; font_container=&#8221;tag:h1|text_align:center&#8221; use_theme_fonts=&#8221;yes&#8221; el_class=&#8221;primary-color&#8221;][\/vc_column][\/vc_row][vc_row][vc_column][vc_column_text]ACL DIRECTPROMO is a company dedicated to managing incentive promotions that its clients (the promoting companies) carry out with their distributors, customers, or commercial networks. Since its founding, it has been fully committed to Service Quality as the cornerstone of its corporate strategy, as well as to Information Security. [&hellip;]\" \/>\n<meta property=\"og:url\" content=\"https:\/\/acl-directpromo.com\/en\/politica-de-gestion\/\" \/>\n<meta property=\"og:site_name\" content=\"ACL Direct Promo\" \/>\n<meta property=\"article:modified_time\" content=\"2025-03-25T15:43:50+00:00\" \/>\n<meta name=\"twitter:card\" content=\"summary_large_image\" \/>\n<meta name=\"twitter:label1\" content=\"Est. reading time\" \/>\n\t<meta name=\"twitter:data1\" content=\"2 minutes\" \/>\n<!-- \/ Yoast SEO plugin. -->","yoast_head_json":{"title":"Pol\u00edtica de Gesti\u00f3n - ACL Direct Promo","robots":{"index":"index","follow":"follow","max-snippet":"max-snippet:-1","max-image-preview":"max-image-preview:large","max-video-preview":"max-video-preview:-1"},"canonical":"https:\/\/acl-directpromo.com\/en\/politica-de-gestion\/","og_locale":"en_US","og_type":"article","og_title":"Pol\u00edtica de Gesti\u00f3n - ACL Direct Promo","og_description":"[vc_row][vc_column][vc_custom_heading text=&#8221;Pol\u00edtica de Gesti\u00f3n&#8221; font_container=&#8221;tag:h1|text_align:center&#8221; use_theme_fonts=&#8221;yes&#8221; el_class=&#8221;primary-color&#8221;][\/vc_column][\/vc_row][vc_row][vc_column][vc_column_text]ACL DIRECTPROMO is a company dedicated to managing incentive promotions that its clients (the promoting companies) carry out with their distributors, customers, or commercial networks. Since its founding, it has been fully committed to Service Quality as the cornerstone of its corporate strategy, as well as to Information Security. [&hellip;]","og_url":"https:\/\/acl-directpromo.com\/en\/politica-de-gestion\/","og_site_name":"ACL Direct Promo","article_modified_time":"2025-03-25T15:43:50+00:00","twitter_card":"summary_large_image","twitter_misc":{"Est. reading time":"2 minutes"},"schema":{"@context":"https:\/\/schema.org","@graph":[{"@type":"WebPage","@id":"https:\/\/acl-directpromo.com\/en\/politica-de-gestion\/","url":"https:\/\/acl-directpromo.com\/en\/politica-de-gestion\/","name":"Pol\u00edtica de Gesti\u00f3n - ACL Direct Promo","isPartOf":{"@id":"https:\/\/acl-directpromo.com\/#website"},"datePublished":"2025-03-25T12:47:14+00:00","dateModified":"2025-03-25T15:43:50+00:00","inLanguage":"en-US","potentialAction":[{"@type":"ReadAction","target":["https:\/\/acl-directpromo.com\/en\/politica-de-gestion\/"]}]},{"@type":"WebSite","@id":"https:\/\/acl-directpromo.com\/#website","url":"https:\/\/acl-directpromo.com\/","name":"Programas de Fidelizaci\u00f3n e Incentivos - ACL Direct Promo","description":"Programas de Fidelizaci\u00f3n e Incentivos","publisher":{"@id":"https:\/\/acl-directpromo.com\/#organization"},"potentialAction":[{"@type":"SearchAction","target":{"@type":"EntryPoint","urlTemplate":"https:\/\/acl-directpromo.com\/?s={search_term_string}"},"query-input":"required name=search_term_string"}],"inLanguage":"en-US"},{"@type":"Organization","@id":"https:\/\/acl-directpromo.com\/#organization","name":"ACL Direct Promo","url":"https:\/\/acl-directpromo.com\/","logo":{"@type":"ImageObject","inLanguage":"en-US","@id":"https:\/\/acl-directpromo.com\/#\/schema\/logo\/image\/","url":"https:\/\/acl-directpromo.com\/wp-content\/uploads\/2023\/11\/ACL-Logo_horizontal_-GRANATE-1.png","contentUrl":"https:\/\/acl-directpromo.com\/wp-content\/uploads\/2023\/11\/ACL-Logo_horizontal_-GRANATE-1.png","width":478,"height":402,"caption":"ACL Direct Promo"},"image":{"@id":"https:\/\/acl-directpromo.com\/#\/schema\/logo\/image\/"}}]}},"_links":{"self":[{"href":"https:\/\/acl-directpromo.com\/en\/wp-json\/wp\/v2\/pages\/2881"}],"collection":[{"href":"https:\/\/acl-directpromo.com\/en\/wp-json\/wp\/v2\/pages"}],"about":[{"href":"https:\/\/acl-directpromo.com\/en\/wp-json\/wp\/v2\/types\/page"}],"author":[{"embeddable":true,"href":"https:\/\/acl-directpromo.com\/en\/wp-json\/wp\/v2\/users\/8"}],"replies":[{"embeddable":true,"href":"https:\/\/acl-directpromo.com\/en\/wp-json\/wp\/v2\/comments?post=2881"}],"version-history":[{"count":2,"href":"https:\/\/acl-directpromo.com\/en\/wp-json\/wp\/v2\/pages\/2881\/revisions"}],"predecessor-version":[{"id":2888,"href":"https:\/\/acl-directpromo.com\/en\/wp-json\/wp\/v2\/pages\/2881\/revisions\/2888"}],"wp:attachment":[{"href":"https:\/\/acl-directpromo.com\/en\/wp-json\/wp\/v2\/media?parent=2881"}],"curies":[{"name":"wp","href":"https:\/\/api.w.org\/{rel}","templated":true}]}}