{"id":1274,"date":"2022-07-27T08:04:00","date_gmt":"2022-07-27T08:04:00","guid":{"rendered":"https:\/\/acl-directpromo.com\/programas-de-fidelizacion\/"},"modified":"2024-08-14T07:49:03","modified_gmt":"2024-08-14T07:49:03","slug":"programas-de-fidelizacao","status":"publish","type":"page","link":"https:\/\/acl-directpromo.com\/pt-pt\/programas-de-fidelizacao\/","title":{"rendered":"Programas de Fideliza\u00e7\u00e3o"},"content":{"rendered":"<div class=\"wpb-content-wrapper\"><p>[vc_row full_width=&#8221;stretch_row&#8221; gap=&#8221;35&#8243; full_height=&#8221;yes&#8221; equal_height=&#8221;yes&#8221; content_placement=&#8221;bottom&#8221; el_class=&#8221;banner-header&#8221;][vc_column]<div class=\"ult-spacer spacer-69d04a219f426\" data-id=\"69d04a219f426\" data-height=\"100\" data-height-mobile=\"50\" data-height-tab=\"100\" data-height-tab-portrait=\"100\" data-height-mobile-landscape=\"50\" style=\"clear:both;display:block;\"><\/div>[vc_row_inner content_placement=&#8221;middle&#8221;][vc_column_inner width=&#8221;1\/3&#8243;][vc_column_text el_class=&#8221;texto-59px texto-noto titulo-banner&#8221;]<\/p>\n<h1 style=\"text-align: left;\"><strong>Programas de fideliza\u00e7\u00e3o<\/strong><\/h1>\n<p>[\/vc_column_text][vc_separator color=&#8221;black&#8221; align=&#8221;align_left&#8221; el_width=&#8221;20&#8243;][vc_column_text el_class=&#8221;texto-24px&#8221;]<\/p>\n<p style=\"text-align: left;\"><strong>Construa uma rela\u00e7\u00e3o a longo prazo com os seus clientes.<\/strong><\/p>\n<p>[\/vc_column_text]<div class=\" ubtn-ctn-left boton-simple\"><a class=\"ubtn-link ult-adjust-bottom-margin ubtn-left ubtn-normal boton-simple\" href=\"#contacto\" ><button type=\"button\" id=\"ubtn-9695\"  class=\"ubtn ult-adjust-bottom-margin ult-responsive ubtn-normal ubtn-no-hover-bg  none  ubtn-left   tooltip-69d04a219f499\"  data-hover=\"\" data-border-color=\"\" data-bg=\"#e0e0e0\" data-hover-bg=\"\" data-border-hover=\"\" data-shadow-hover=\"\" data-shadow-click=\"none\" data-shadow=\"\" data-shd-shadow=\"\"  data-ultimate-target='#ubtn-9695'  data-responsive-json-new='{\"font-size\":\"\",\"line-height\":\"\"}'  style=\"font-weight:normal;border:none;background: #e0e0e0;color: #000000;\"><span class=\"ubtn-hover\" style=\"background-color:\"><\/span><span class=\"ubtn-data ubtn-text \" >Contacta-nos<\/span><\/button><\/a><\/div>[\/vc_column_inner][vc_column_inner width=&#8221;2\/3&#8243;][vc_single_image image=&#8221;2152&#8243; img_size=&#8221;full&#8221; alignment=&#8221;right&#8221;][\/vc_column_inner][\/vc_row_inner][\/vc_column][\/vc_row][vc_row][vc_column]<div class=\"ult-spacer spacer-69d04a219f5b0\" data-id=\"69d04a219f5b0\" data-height=\"60\" data-height-mobile=\"50\" data-height-tab=\"60\" data-height-tab-portrait=\"60\" data-height-mobile-landscape=\"50\" style=\"clear:both;display:block;\"><\/div>[\/vc_column][\/vc_row][vc_row][vc_column][vc_column_text el_class=&#8221;titulo-combinado&#8221; css=&#8221;.vc_custom_1696255617584{margin-bottom: 10px !important;}&#8221;]<\/p>\n<h2 style=\"text-align: center;\"><strong>Solu\u00e7\u00f5es de fideliza\u00e7\u00e3o <\/strong><\/h2>\n<p>[\/vc_column_text][vc_column_text el_class=&#8221;primary-color texto-18px&#8221;]<\/p>\n<p style=\"text-align: center;\"><strong>Na ACL oferecemos solu\u00e7\u00f5es de fideliza\u00e7\u00e3o focadas tanto no B2B como no B2C<\/strong><\/p>\n<p>[\/vc_column_text][\/vc_column][\/vc_row][vc_row][vc_column][vc_row_inner content_placement=&#8221;middle&#8221; el_class=&#8221;fila-titulo-b2b-b2c&#8221;][vc_column_inner width=&#8221;1\/6&#8243;][vc_column_text el_class=&#8221;texto-b2b-b2c secondary-color&#8221;]B2B[\/vc_column_text][\/vc_column_inner][vc_column_inner width=&#8221;5\/6&#8243;][vc_separator color=&#8221;custom&#8221; accent_color=&#8221;#a3191d&#8221;][\/vc_column_inner][\/vc_row_inner][vc_row_inner content_placement=&#8221;top&#8221; gap=&#8221;35&#8243;][vc_column_inner width=&#8221;1\/2&#8243;][vc_column_text]<\/p>\n<p style=\"text-align: left;\">Campanhas orientadas para intermedi\u00e1rios e canais comerciais<\/p>\n<p>[\/vc_column_text]<div class=\"ult_exp_section_layer ult-adjust-bottom-margin  \" >\n\t\t<div id=\"uvc-exp-wrap-5874\" role=\"button\" tabindex=\"0\" aria-pressed=\"false\"  data-ultimate-target='#uvc-exp-wrap-5874'  data-responsive-json-new='{\"font-size\":\"desktop:20px;\",\"line-height\":\"desktop:20px;\"}'  class=\"ult_exp_section  ult-responsive \" style=\"color:#333333;background-color:#dbdbdb; font-weight:normal;  text-align:center;\" data-textcolor=\"#333333\"data-texthover=\"#333333\"data-icncolor=\"#333333\"data-ihover=\"#333333\"data-height=\"0\"data-cntbg=\"#dbdbdb\"data-cnthvrbg=\"#e5e5e5\"data-headerbg=\"#dbdbdb\"data-headerhover=\"#e5e5e5\"data-title=\"Programas a longo prazo\"data-newtitle=\"Programas a longo prazo\"data-icon=\"\"data-newicon=\"\"data-activeicon=\"#333333\"data-effect=\"slideToggle\"data-override=\"0\"data-activetitle=\"#333333\"data-activebg=\"#dbdbdb\"data-img=\"https:\/\/acl-directpromo.com\/wp-content\/uploads\/2022\/07\/arrow-v.png\"data-newimg=\"https:\/\/acl-directpromo.com\/wp-content\/uploads\/2022\/07\/arrow-v-up.png\"><div  class=\"ult_exp_section-main ult_expright_icon\">\n\t\t\t\t\t<div class=\"ult_expheader\" >Programas a longo prazo\n\t\t\t\t\t <\/div>\t<div class=\"ult-just-icon-wrapper ult_exp_icon\">\n\t\t\t\t\t<div class=\"align-icon \">\n\t\t\t\t\t\t\n<br><span class=\"aio-icon-img  ult_expsection_icon \" style=\"font-size:14px;\" >\n\t<img class=\"img-icon ult_exp_img \" alt=\"null\" src=\"https:\/\/acl-directpromo.com\/wp-content\/uploads\/2022\/07\/arrow-v.png\" \/>\n<\/span>\n\t\t\t\t\t<\/div>\n\t\t\t\t<\/div><\/div>\n\t\t\t\t<\/div><div class=\"ult_exp_content \" style=\"background-color:#dbdbdb;  \"><div class=\"ult_ecpsub_cont\" style=\" \" >[vc_column_text]<\/p>\n<p style=\"text-align: left;\">Criamos programas de fideliza\u00e7\u00e3o de tempo prolongado com recompensas por acumula\u00e7\u00e3o de pontos.<\/p>\n<p style=\"text-align: left;\"><strong>Cat\u00e1logo de pr\u00e9mios (ofertas e vales digitais)<\/strong><\/p>\n<p>[\/vc_column_text]<\/div><\/div>\n\n\t\t\t<\/div><div class=\"ult_exp_section_layer ult-adjust-bottom-margin  \" >\n\t\t<div id=\"uvc-exp-wrap-1728\" role=\"button\" tabindex=\"0\" aria-pressed=\"false\"  data-ultimate-target='#uvc-exp-wrap-1728'  data-responsive-json-new='{\"font-size\":\"desktop:20px;\",\"line-height\":\"desktop:20px;\"}'  class=\"ult_exp_section  ult-responsive \" style=\"color:#333333;background-color:#dbdbdb; font-weight:normal;  text-align:center;\" data-textcolor=\"#333333\"data-texthover=\"#333333\"data-icncolor=\"#333333\"data-ihover=\"#333333\"data-height=\"0\"data-cntbg=\"#dbdbdb\"data-cnthvrbg=\"#e5e5e5\"data-headerbg=\"#dbdbdb\"data-headerhover=\"#e5e5e5\"data-title=\"Programas a curto e m\u00e9dio prazo\"data-newtitle=\"Programas a curto e m\u00e9dio prazo\"data-icon=\"\"data-newicon=\"\"data-activeicon=\"#333333\"data-effect=\"slideToggle\"data-override=\"0\"data-activetitle=\"#333333\"data-activebg=\"#dbdbdb\"data-img=\"https:\/\/acl-directpromo.com\/wp-content\/uploads\/2022\/07\/arrow-v.png\"data-newimg=\"https:\/\/acl-directpromo.com\/wp-content\/uploads\/2022\/07\/arrow-v-up.png\"><div  class=\"ult_exp_section-main ult_expright_icon\">\n\t\t\t\t\t<div class=\"ult_expheader\" >Programas a curto e m\u00e9dio prazo\n\t\t\t\t\t <\/div>\t<div class=\"ult-just-icon-wrapper ult_exp_icon\">\n\t\t\t\t\t<div class=\"align-icon \">\n\t\t\t\t\t\t\n<br><span class=\"aio-icon-img  ult_expsection_icon \" style=\"font-size:14px;\" >\n\t<img class=\"img-icon ult_exp_img \" alt=\"null\" src=\"https:\/\/acl-directpromo.com\/wp-content\/uploads\/2022\/07\/arrow-v.png\" \/>\n<\/span>\n\t\t\t\t\t<\/div>\n\t\t\t\t<\/div><\/div>\n\t\t\t\t<\/div><div class=\"ult_exp_content \" style=\"background-color:#dbdbdb;  \"><div class=\"ult_ecpsub_cont\" style=\" \" >[vc_column_text]<\/p>\n<p style=\"text-align: left;\">Desenvolvemos programas de recompensas por a\u00e7\u00f5es pontuais.<\/p>\n<p style=\"text-align: left;\"><strong>Vales digitais e ofertas\u00a0<\/strong><\/p>\n<p>[\/vc_column_text]<\/div><\/div>\n\n\t\t\t<\/div>[\/vc_column_inner][vc_column_inner width=&#8221;1\/2&#8243;][vc_single_image image=&#8221;2156&#8243; img_size=&#8221;full&#8221; alignment=&#8221;center&#8221;][\/vc_column_inner][\/vc_row_inner][vc_row_inner content_placement=&#8221;middle&#8221; el_class=&#8221;fila-titulo-b2b-b2c&#8221;][vc_column_inner width=&#8221;1\/6&#8243;][vc_column_text el_class=&#8221;texto-b2b-b2c secondary-color&#8221;]B2C[\/vc_column_text][\/vc_column_inner][vc_column_inner width=&#8221;5\/6&#8243;][vc_separator color=&#8221;custom&#8221; accent_color=&#8221;#a3191d&#8221;][\/vc_column_inner][\/vc_row_inner][vc_row_inner content_placement=&#8221;top&#8221; gap=&#8221;35&#8243;][vc_column_inner width=&#8221;1\/2&#8243;][vc_column_text]<\/p>\n<p style=\"text-align: left;\">Solu\u00e7\u00f5es e campanhas de fideliza\u00e7\u00e3o dirigidas ao consumidor final.<\/p>\n<p>[\/vc_column_text]<div class=\"ult_exp_section_layer ult-adjust-bottom-margin  \" >\n\t\t<div id=\"uvc-exp-wrap-3740\" role=\"button\" tabindex=\"0\" aria-pressed=\"false\"  data-ultimate-target='#uvc-exp-wrap-3740'  data-responsive-json-new='{\"font-size\":\"desktop:20px;\",\"line-height\":\"desktop:20px;\"}'  class=\"ult_exp_section  ult-responsive \" style=\"color:#333333;background-color:#dbdbdb; font-weight:normal;  text-align:center;\" data-textcolor=\"#333333\"data-texthover=\"#333333\"data-icncolor=\"#333333\"data-ihover=\"#333333\"data-height=\"0\"data-cntbg=\"#dbdbdb\"data-cnthvrbg=\"#e5e5e5\"data-headerbg=\"#dbdbdb\"data-headerhover=\"#e5e5e5\"data-title=\"Campanhas a curto e m\u00e9dio prazo\"data-newtitle=\"Campanhas a curto e m\u00e9dio prazo\"data-icon=\"\"data-newicon=\"\"data-activeicon=\"#333333\"data-effect=\"slideToggle\"data-override=\"0\"data-activetitle=\"#333333\"data-activebg=\"#dbdbdb\"data-img=\"https:\/\/acl-directpromo.com\/wp-content\/uploads\/2022\/07\/arrow-v.png\"data-newimg=\"https:\/\/acl-directpromo.com\/wp-content\/uploads\/2022\/07\/arrow-v-up.png\"><div  class=\"ult_exp_section-main ult_expright_icon\">\n\t\t\t\t\t<div class=\"ult_expheader\" >Campanhas a curto e m\u00e9dio prazo\n\t\t\t\t\t <\/div>\t<div class=\"ult-just-icon-wrapper ult_exp_icon\">\n\t\t\t\t\t<div class=\"align-icon \">\n\t\t\t\t\t\t\n<br><span class=\"aio-icon-img  ult_expsection_icon \" style=\"font-size:14px;\" >\n\t<img class=\"img-icon ult_exp_img \" alt=\"null\" src=\"https:\/\/acl-directpromo.com\/wp-content\/uploads\/2022\/07\/arrow-v.png\" \/>\n<\/span>\n\t\t\t\t\t<\/div>\n\t\t\t\t<\/div><\/div>\n\t\t\t\t<\/div><div class=\"ult_exp_content \" style=\"background-color:#dbdbdb;  \"><div class=\"ult_ecpsub_cont\" style=\" \" >[vc_column_text]<\/p>\n<p style=\"text-align: left;\">Criamos campanhas baseadas em recompensas por a\u00e7\u00f5es sustentadas no tempo. Programas de acumula\u00e7\u00e3o de pontos, sorteios, momentos vencedores.<\/p>\n<p style=\"text-align: left;\"><strong>Cat\u00e1logo de pr\u00e9mios<\/strong><\/p>\n<p>[\/vc_column_text]<\/div><\/div>\n\n\t\t\t<\/div>[\/vc_column_inner][vc_column_inner width=&#8221;1\/2&#8243;][vc_single_image image=&#8221;1151&#8243; img_size=&#8221;full&#8221; alignment=&#8221;center&#8221;][\/vc_column_inner][\/vc_row_inner][\/vc_column][\/vc_row][vc_row][vc_column]<div class=\"ult-spacer spacer-69d04a21a0d30\" data-id=\"69d04a21a0d30\" data-height=\"80\" data-height-mobile=\"80\" data-height-tab=\"80\" data-height-tab-portrait=\"\" data-height-mobile-landscape=\"\" style=\"clear:both;display:block;\"><\/div>[\/vc_column][\/vc_row][vc_row full_width=&#8221;stretch_row&#8221; el_class=&#8221;fila-formulario&#8221; el_id=&#8221;contacto&#8221;][vc_column][vc_row_inner css=&#8221;.vc_custom_1658393026605{background-color: #333333 !important;}&#8221;][vc_column_inner][vc_column_text el_class=&#8221;color-blanco titulo-combinado&#8221;]<\/p>\n<h2><strong>\u00bfDespegamos?<\/strong><\/h2>\n<p>[\/vc_column_text][vc_column_text el_class=&#8221;color-blanco&#8221;]<\/p>\n<p style=\"text-align: left;\"><strong>Rellena este formulario<\/strong> y estaremos encantados de ponernos en contacto contigo y empezar a despegar juntos.<\/p>\n<p>[\/vc_column_text]<div role=\"form\" class=\"wpcf7\" id=\"wpcf7-f63-o1\" lang=\"es-ES\" dir=\"ltr\">\n<div class=\"screen-reader-response\"><p role=\"status\" aria-live=\"polite\" aria-atomic=\"true\"><\/p> <ul><\/ul><\/div>\n<form action=\"\/pt-pt\/wp-json\/wp\/v2\/pages\/1274#wpcf7-f63-o1\" method=\"post\" class=\"wpcf7-form init\" novalidate=\"novalidate\" data-status=\"init\">\n<div style=\"display: none;\">\n<input type=\"hidden\" name=\"_wpcf7\" value=\"63\" \/>\n<input type=\"hidden\" name=\"_wpcf7_version\" value=\"5.5.6.1\" \/>\n<input type=\"hidden\" name=\"_wpcf7_locale\" value=\"es_ES\" \/>\n<input type=\"hidden\" name=\"_wpcf7_unit_tag\" value=\"wpcf7-f63-o1\" \/>\n<input type=\"hidden\" name=\"_wpcf7_container_post\" value=\"0\" \/>\n<input type=\"hidden\" name=\"_wpcf7_posted_data_hash\" value=\"\" \/>\n<input type=\"hidden\" name=\"_wpcf7_recaptcha_response\" value=\"\" \/>\n<\/div>\n<div style=\"padding-left: 0px;\" class=\"vc_col-sm-6\">\n<div style=\"padding-left: 0px;\" class=\"vc_col-sm-6 form-margin-top\">\n<p>Nombre*<\/p>\n<p><span class=\"wpcf7-form-control-wrap nombre\"><input type=\"text\" name=\"nombre\" value=\"\" size=\"40\" class=\"wpcf7-form-control wpcf7-text wpcf7-validates-as-required\" aria-required=\"true\" aria-invalid=\"false\" \/><\/span>\n    <\/p><\/div>\n<div style=\"\" class=\"vc_col-sm-6 form-margin-top\">\n<p>Apellidos*<\/p>\n<p><span class=\"wpcf7-form-control-wrap apellido\"><input type=\"text\" name=\"apellido\" value=\"\" size=\"40\" class=\"wpcf7-form-control wpcf7-text wpcf7-validates-as-required\" aria-required=\"true\" aria-invalid=\"false\" \/><\/span>\n    <\/p><\/div>\n<div style=\"padding-left: 0px;\" class=\"vc_col-sm-12 form-margin-top\" >\n<p>Empresa<\/p>\n<p><span class=\"wpcf7-form-control-wrap empresa\"><input type=\"text\" name=\"empresa\" value=\"\" size=\"40\" class=\"wpcf7-form-control wpcf7-text\" aria-invalid=\"false\" \/><\/span>\n    <\/p><\/div>\n<div style=\"padding-left: 0px;\" class=\"vc_col-sm-12 form-margin-top\">\n<p>Email*<\/p>\n<p><span class=\"wpcf7-form-control-wrap email-416\"><input type=\"email\" name=\"email-416\" value=\"\" size=\"40\" class=\"wpcf7-form-control wpcf7-text wpcf7-email wpcf7-validates-as-required wpcf7-validates-as-email\" aria-required=\"true\" aria-invalid=\"false\" \/><\/span>\n    <\/p><\/div>\n<div style=\"padding-left: 0px;\" class=\"vc_col-sm-12 form-margin-top\">\n        <span id=\"wpcf7-69d04a21a17f9-wrapper\" class=\"wpcf7-form-control-wrap email_confirm-wrap\" style=\"display:none !important; visibility:hidden !important;\"><label for=\"wpcf7-69d04a21a17f9-field\" class=\"hp-message\">Please leave this field empty.<\/label><input id=\"wpcf7-69d04a21a17f9-field\"  placeholder=\"Email confirm\"  class=\"wpcf7-form-control wpcf7-text\" type=\"text\" name=\"email_confirm\" value=\"\" size=\"40\" tabindex=\"-1\" autocomplete=\"new-password\" \/><\/span>\n    <\/div>\n<div style=\"padding-left: 0px;\" class=\"vc_col-sm-12 form-margin-top\">\n<p>Tel\u00e9fono*<\/p>\n<p><span class=\"wpcf7-form-control-wrap tel\"><input type=\"tel\" name=\"tel\" value=\"\" size=\"40\" class=\"wpcf7-form-control wpcf7-text wpcf7-tel wpcf7-validates-as-required wpcf7-validates-as-tel\" aria-required=\"true\" aria-invalid=\"false\" \/><\/span>\n    <\/p><\/div>\n<\/div>\n<div style=\"\" class=\"vc_col-sm-6 bloque-final\">\n<div style=\"\" class=\"vc_col-sm-12 form-margin-top\">\n<p>Cu\u00e9ntanos en qu\u00e9 podemos ayudarte<\/p>\n<p><span class=\"wpcf7-form-control-wrap mensaje\"><textarea name=\"mensaje\" cols=\"40\" rows=\"10\" class=\"wpcf7-form-control wpcf7-textarea wpcf7-validates-as-required\" aria-required=\"true\" aria-invalid=\"false\"><\/textarea><\/span>\n    <\/p><\/div>\n<div class=\"vc_col-sm-8\">\n<p>        <label class=\"politica-privacidad\"><span class=\"wpcf7-form-control-wrap politica\"><span class=\"wpcf7-form-control wpcf7-checkbox wpcf7-validates-as-required\"><span class=\"wpcf7-list-item first last\"><input type=\"checkbox\" name=\"politica[]\" value=\"\" \/><span class=\"wpcf7-list-item-label\"><\/span><\/span><\/span><\/span><span>Acepto el tratamiento de mis datos para recibir la informaci\u00f3n solicitada<\/span><\/label><\/p>\n<p style=\"font-size: 9px; line-height: 15px;\">Responsable: ACL DirectPromo, SL, finalidad: Dar respuesta a las solicitudes de informaci\u00f3n, legitimaci\u00f3n: consentimiento del interesado, destinatarios: no se comunicar\u00e1n datos a terceros, derechos: Acceder, rectificar y suprimir los datos, as\u00ed como otros derechos, como se explica en la <a href=\"https:\/\/acl-directpromo.com\/politica-privacidad\/\" style=\"font-size: 9px; line-height: 15px;\">informaci\u00f3n adicional<\/a>.<\/p>\n<span class=\"wpcf7-form-control-wrap recaptcha\" data-name=\"recaptcha\"><span data-sitekey=\"6LdoUCEkAAAAAGsAdQPjkeCX4fwv8-L392pti84m\" data-size=\"compact\" class=\"wpcf7-form-control g-recaptcha wpcf7-recaptcha\"><\/span>\r\n<noscript>\r\n\t<div class=\"grecaptcha-noscript\">\r\n\t\t<iframe src=\"https:\/\/www.google.com\/recaptcha\/api\/fallback?k=6LdoUCEkAAAAAGsAdQPjkeCX4fwv8-L392pti84m\" frameborder=\"0\" scrolling=\"no\" width=\"310\" height=\"430\">\r\n\t\t<\/iframe>\r\n\t\t<textarea name=\"g-recaptcha-response\" rows=\"3\" cols=\"40\" placeholder=\"reCaptcha Response Here\">\r\n\t\t<\/textarea>\r\n\t<\/div>\r\n<\/noscript>\r\n<\/span>\n<\/div>\n<div class=\"vc_col-sm-4 \">\n<div style=\"\" class=\"vc_col-sm-12\">\n<p>* Campos obligatorios<\/p>\n<\/div>\n<div style=\"\" class=\"vc_col-sm-12 fila-enviar\">\n            <input type=\"submit\" value=\"Enviar\" class=\"wpcf7-form-control has-spinner wpcf7-submit\" \/>\n        <\/div>\n<\/div>\n<\/div>\n<div class=\"wpcf7-response-output\" aria-hidden=\"true\"><\/div><\/form><\/div>[\/vc_column_inner][\/vc_row_inner]<div class=\"ult-spacer spacer-69d04a21a1b53\" data-id=\"69d04a21a1b53\" data-height=\"60\" data-height-mobile=\"60\" data-height-tab=\"60\" data-height-tab-portrait=\"\" data-height-mobile-landscape=\"\" style=\"clear:both;display:block;\"><\/div>[\/vc_column][\/vc_row]<\/p>\n<\/div>","protected":false},"excerpt":{"rendered":"<p>[vc_row full_width=&#8221;stretch_row&#8221; gap=&#8221;35&#8243; full_height=&#8221;yes&#8221; equal_height=&#8221;yes&#8221; content_placement=&#8221;bottom&#8221; el_class=&#8221;banner-header&#8221;][vc_column][vc_row_inner content_placement=&#8221;middle&#8221;][vc_column_inner width=&#8221;1\/3&#8243;][vc_column_text el_class=&#8221;texto-59px texto-noto titulo-banner&#8221;] Programas de fideliza\u00e7\u00e3o [\/vc_column_text][vc_separator color=&#8221;black&#8221; align=&#8221;align_left&#8221; el_width=&#8221;20&#8243;][vc_column_text el_class=&#8221;texto-24px&#8221;] Construa uma rela\u00e7\u00e3o a longo prazo com os seus clientes. [\/vc_column_text][\/vc_column_inner][vc_column_inner width=&#8221;2\/3&#8243;][vc_single_image image=&#8221;2152&#8243; img_size=&#8221;full&#8221; alignment=&#8221;right&#8221;][\/vc_column_inner][\/vc_row_inner][\/vc_column][\/vc_row][vc_row][vc_column][\/vc_column][\/vc_row][vc_row][vc_column][vc_column_text el_class=&#8221;titulo-combinado&#8221; css=&#8221;.vc_custom_1696255617584{margin-bottom: 10px !important;}&#8221;] Solu\u00e7\u00f5es de fideliza\u00e7\u00e3o [\/vc_column_text][vc_column_text el_class=&#8221;primary-color texto-18px&#8221;] Na ACL oferecemos solu\u00e7\u00f5es de fideliza\u00e7\u00e3o focadas tanto no B2B [&hellip;]<\/p>\n","protected":false},"author":4,"featured_media":1081,"parent":0,"menu_order":0,"comment_status":"closed","ping_status":"closed","template":"","meta":{"footnotes":""},"yoast_head":"<!-- This site is optimized with the Yoast SEO plugin v21.3 - https:\/\/yoast.com\/wordpress\/plugins\/seo\/ -->\n<title>Programas de Fideliza\u00e7\u00e3o - ACL Direct Promo<\/title>\n<meta name=\"description\" content=\"Programas de fideliza\u00e7\u00e3o personalizados, meticulosamente concebidos para criar rela\u00e7\u00f5es fortes e duradouras com os seus clientes.\" \/>\n<meta name=\"robots\" content=\"index, follow, max-snippet:-1, max-image-preview:large, max-video-preview:-1\" \/>\n<link rel=\"canonical\" href=\"https:\/\/acl-directpromo.com\/pt-pt\/programas-de-fidelizacao\/\" \/>\n<meta property=\"og:locale\" content=\"pt_PT\" \/>\n<meta property=\"og:type\" content=\"article\" \/>\n<meta property=\"og:title\" content=\"Programas de Fideliza\u00e7\u00e3o - ACL Direct Promo\" \/>\n<meta property=\"og:description\" content=\"Programas de fideliza\u00e7\u00e3o personalizados, meticulosamente concebidos para criar rela\u00e7\u00f5es fortes e duradouras com os seus clientes.\" \/>\n<meta property=\"og:url\" content=\"https:\/\/acl-directpromo.com\/pt-pt\/programas-de-fidelizacao\/\" \/>\n<meta property=\"og:site_name\" content=\"ACL Direct Promo\" \/>\n<meta property=\"article:modified_time\" content=\"2024-08-14T07:49:03+00:00\" \/>\n<meta property=\"og:image\" content=\"https:\/\/acl-directpromo.com\/wp-content\/uploads\/2022\/07\/img-nosotros.png\" \/>\n\t<meta property=\"og:image:width\" content=\"867\" \/>\n\t<meta property=\"og:image:height\" content=\"702\" \/>\n\t<meta property=\"og:image:type\" content=\"image\/png\" \/>\n<meta name=\"twitter:card\" content=\"summary_large_image\" \/>\n<meta name=\"twitter:label1\" content=\"Tempo estimado de leitura\" \/>\n\t<meta name=\"twitter:data1\" content=\"2 minutos\" \/>\n<!-- \/ Yoast SEO plugin. -->","yoast_head_json":{"title":"Programas de Fideliza\u00e7\u00e3o - ACL Direct Promo","description":"Programas de fideliza\u00e7\u00e3o personalizados, meticulosamente concebidos para criar rela\u00e7\u00f5es fortes e duradouras com os seus clientes.","robots":{"index":"index","follow":"follow","max-snippet":"max-snippet:-1","max-image-preview":"max-image-preview:large","max-video-preview":"max-video-preview:-1"},"canonical":"https:\/\/acl-directpromo.com\/pt-pt\/programas-de-fidelizacao\/","og_locale":"pt_PT","og_type":"article","og_title":"Programas de Fideliza\u00e7\u00e3o - ACL Direct Promo","og_description":"Programas de fideliza\u00e7\u00e3o personalizados, meticulosamente concebidos para criar rela\u00e7\u00f5es fortes e duradouras com os seus clientes.","og_url":"https:\/\/acl-directpromo.com\/pt-pt\/programas-de-fidelizacao\/","og_site_name":"ACL Direct Promo","article_modified_time":"2024-08-14T07:49:03+00:00","og_image":[{"width":867,"height":702,"url":"https:\/\/acl-directpromo.com\/wp-content\/uploads\/2022\/07\/img-nosotros.png","type":"image\/png"}],"twitter_card":"summary_large_image","twitter_misc":{"Tempo estimado de leitura":"2 minutos"},"schema":{"@context":"https:\/\/schema.org","@graph":[{"@type":"WebPage","@id":"https:\/\/acl-directpromo.com\/pt-pt\/programas-de-fidelizacao\/","url":"https:\/\/acl-directpromo.com\/pt-pt\/programas-de-fidelizacao\/","name":"Programas de Fideliza\u00e7\u00e3o - ACL Direct Promo","isPartOf":{"@id":"https:\/\/acl-directpromo.com\/#website"},"datePublished":"2022-07-27T08:04:00+00:00","dateModified":"2024-08-14T07:49:03+00:00","description":"Programas de fideliza\u00e7\u00e3o personalizados, meticulosamente concebidos para criar rela\u00e7\u00f5es fortes e duradouras com os seus clientes.","inLanguage":"pt-PT","potentialAction":[{"@type":"ReadAction","target":["https:\/\/acl-directpromo.com\/pt-pt\/programas-de-fidelizacao\/"]}]},{"@type":"WebSite","@id":"https:\/\/acl-directpromo.com\/#website","url":"https:\/\/acl-directpromo.com\/","name":"Programas de Fidelizaci\u00f3n e Incentivos - ACL Direct Promo","description":"Programas de Fidelizaci\u00f3n e Incentivos","publisher":{"@id":"https:\/\/acl-directpromo.com\/#organization"},"potentialAction":[{"@type":"SearchAction","target":{"@type":"EntryPoint","urlTemplate":"https:\/\/acl-directpromo.com\/?s={search_term_string}"},"query-input":"required name=search_term_string"}],"inLanguage":"pt-PT"},{"@type":"Organization","@id":"https:\/\/acl-directpromo.com\/#organization","name":"ACL Direct Promo","url":"https:\/\/acl-directpromo.com\/","logo":{"@type":"ImageObject","inLanguage":"pt-PT","@id":"https:\/\/acl-directpromo.com\/#\/schema\/logo\/image\/","url":"https:\/\/acl-directpromo.com\/wp-content\/uploads\/2023\/11\/ACL-Logo_horizontal_-GRANATE-1.png","contentUrl":"https:\/\/acl-directpromo.com\/wp-content\/uploads\/2023\/11\/ACL-Logo_horizontal_-GRANATE-1.png","width":478,"height":402,"caption":"ACL Direct Promo"},"image":{"@id":"https:\/\/acl-directpromo.com\/#\/schema\/logo\/image\/"}}]}},"_links":{"self":[{"href":"https:\/\/acl-directpromo.com\/pt-pt\/wp-json\/wp\/v2\/pages\/1274"}],"collection":[{"href":"https:\/\/acl-directpromo.com\/pt-pt\/wp-json\/wp\/v2\/pages"}],"about":[{"href":"https:\/\/acl-directpromo.com\/pt-pt\/wp-json\/wp\/v2\/types\/page"}],"author":[{"embeddable":true,"href":"https:\/\/acl-directpromo.com\/pt-pt\/wp-json\/wp\/v2\/users\/4"}],"replies":[{"embeddable":true,"href":"https:\/\/acl-directpromo.com\/pt-pt\/wp-json\/wp\/v2\/comments?post=1274"}],"version-history":[{"count":9,"href":"https:\/\/acl-directpromo.com\/pt-pt\/wp-json\/wp\/v2\/pages\/1274\/revisions"}],"predecessor-version":[{"id":2210,"href":"https:\/\/acl-directpromo.com\/pt-pt\/wp-json\/wp\/v2\/pages\/1274\/revisions\/2210"}],"wp:featuredmedia":[{"embeddable":true,"href":"https:\/\/acl-directpromo.com\/pt-pt\/wp-json\/wp\/v2\/media\/1081"}],"wp:attachment":[{"href":"https:\/\/acl-directpromo.com\/pt-pt\/wp-json\/wp\/v2\/media?parent=1274"}],"curies":[{"name":"wp","href":"https:\/\/api.w.org\/{rel}","templated":true}]}}