{"id":1283,"date":"2022-07-22T06:46:18","date_gmt":"2022-07-22T06:46:18","guid":{"rendered":"https:\/\/acl-directpromo.com\/marketing-relacional-y-fidelizacion-de-clientes\/"},"modified":"2024-08-14T09:24:35","modified_gmt":"2024-08-14T09:24:35","slug":"estrategias-marketing","status":"publish","type":"page","link":"https:\/\/acl-directpromo.com\/pt-pt\/estrategias-marketing\/","title":{"rendered":"Quem Somos"},"content":{"rendered":"<div class=\"wpb-content-wrapper\"><p>[vc_row full_width=&#8221;stretch_row&#8221; gap=&#8221;35&#8243; full_height=&#8221;yes&#8221; equal_height=&#8221;yes&#8221; content_placement=&#8221;bottom&#8221; el_class=&#8221;banner-header&#8221;][vc_column]<div class=\"ult-spacer spacer-69f2d6b77259d\" data-id=\"69f2d6b77259d\" data-height=\"100\" data-height-mobile=\"50\" data-height-tab=\"100\" data-height-tab-portrait=\"100\" data-height-mobile-landscape=\"50\" style=\"clear:both;display:block;\"><\/div>[vc_row_inner content_placement=&#8221;middle&#8221;][vc_column_inner width=&#8221;1\/3&#8243;][vc_column_text el_class=&#8221;texto-59px texto-noto titulo-banner&#8221;]<\/p>\n<h1 style=\"text-align: left;\"><strong>Porqu\u00ea a nossa empresa?<\/strong><\/h1>\n<p>[\/vc_column_text][vc_separator color=&#8221;black&#8221; align=&#8221;align_left&#8221; el_width=&#8221;20&#8243;][vc_column_text el_class=&#8221;texto-24px&#8221;]<\/p>\n<p style=\"text-align: left;\"><strong>Queremos ser o seu parceiro estrat\u00e9gico para ajudar a elevar o n\u00edvel do seu neg\u00f3cio<\/strong><\/p>\n<p>[\/vc_column_text]<div class=\" ubtn-ctn-left boton-simple\"><a class=\"ubtn-link ult-adjust-bottom-margin ubtn-left ubtn-normal boton-simple\" href=\"#contacto\" ><button type=\"button\" id=\"ubtn-7939\"  class=\"ubtn ult-adjust-bottom-margin ult-responsive ubtn-normal ubtn-no-hover-bg  none  ubtn-left   tooltip-69f2d6b77260b\"  data-hover=\"\" data-border-color=\"\" data-bg=\"#e0e0e0\" data-hover-bg=\"\" data-border-hover=\"\" data-shadow-hover=\"\" data-shadow-click=\"none\" data-shadow=\"\" data-shd-shadow=\"\"  data-ultimate-target='#ubtn-7939'  data-responsive-json-new='{\"font-size\":\"\",\"line-height\":\"\"}'  style=\"font-weight:normal;border:none;background: #e0e0e0;color: #000000;\"><span class=\"ubtn-hover\" style=\"background-color:\"><\/span><span class=\"ubtn-data ubtn-text \" >Contacta-nos<\/span><\/button><\/a><\/div>[\/vc_column_inner][vc_column_inner width=&#8221;2\/3&#8243;][vc_single_image image=&#8221;1080&#8243; img_size=&#8221;full&#8221; alignment=&#8221;right&#8221;][\/vc_column_inner][\/vc_row_inner][\/vc_column][\/vc_row][vc_row][vc_column]<div class=\"ult-spacer spacer-69f2d6b7726f8\" data-id=\"69f2d6b7726f8\" data-height=\"30\" data-height-mobile=\"30\" data-height-tab=\"30\" data-height-tab-portrait=\"\" data-height-mobile-landscape=\"\" style=\"clear:both;display:block;\"><\/div>[\/vc_column][\/vc_row][vc_row gap=&#8221;35&#8243; content_placement=&#8221;middle&#8221;][vc_column width=&#8221;1\/2&#8243;][vc_column_text]Contamos com uma trajet\u00f3ria de <strong>mais de 30 anos de experi\u00eancia e 3500 a\u00e7\u00f5es de Estrat\u00e9gias de Marketing relacional<\/strong>, que nos deram todos os conhecimentos necess\u00e1rios para conseguir campanhas de \u00eaxito.<\/p>\n<p>Alcan\u00e7amos um elevado n\u00edvel de<strong> inova\u00e7\u00e3o, profissionalismo e capacidade para gerar vantagens competitivas<\/strong> na resolu\u00e7\u00e3o das necessidades dos nossos clientes.[\/vc_column_text][\/vc_column][vc_column width=&#8221;1\/2&#8243;][vc_single_image image=&#8221;2134&#8243; img_size=&#8221;full&#8221; alignment=&#8221;center&#8221;][\/vc_column][\/vc_row][vc_row][vc_column]<div class=\"ult-spacer spacer-69f2d6b77273f\" data-id=\"69f2d6b77273f\" data-height=\"60\" data-height-mobile=\"60\" data-height-tab=\"60\" data-height-tab-portrait=\"\" data-height-mobile-landscape=\"\" style=\"clear:both;display:block;\"><\/div>[\/vc_column][\/vc_row][vc_row full_width=&#8221;stretch_row_content_no_spaces&#8221; bg_type=&#8221;image&#8221; parallax_style=&#8221;vcpb-vz-jquery&#8221; bg_image_new=&#8221;id^2178|url^https:\/\/acl-directpromo.com\/wp-content\/uploads\/2024\/08\/ACLDirectPromo_quienes_somos_compressed.jpg|caption^null|alt^null|title^ACLDirectPromo_quienes_somos_compressed|description^null&#8221; bg_image_repeat=&#8221;no-repeat&#8221; bg_img_attach=&#8221;fixed&#8221; disable_on_mobile_img_parallax=&#8221;disable_on_mobile_img_parallax_value&#8221; parallax_content=&#8221;parallax_content_value&#8221; el_class=&#8221;display-none-responsive&#8221;][vc_column]<div class=\"ult-spacer spacer-69f2d6b772797\" data-id=\"69f2d6b772797\" data-height=\"300\" data-height-mobile=\"300\" data-height-tab=\"300\" data-height-tab-portrait=\"\" data-height-mobile-landscape=\"\" style=\"clear:both;display:block;\"><\/div>[\/vc_column][\/vc_row][vc_row full_width=&#8221;stretch_row_content_no_spaces&#8221; el_class=&#8221;fila-semicirculo-negativo display-none-responsive&#8221;][vc_column][vc_single_image image=&#8221;1117&#8243; img_size=&#8221;full&#8221;][\/vc_column][\/vc_row][vc_row gap=&#8221;35&#8243; content_placement=&#8221;middle&#8221; el_class=&#8221;fila-valores&#8221;][vc_column width=&#8221;1\/2&#8243;][vc_row_inner][vc_column_inner width=&#8221;5\/6&#8243;][vc_column_text el_class=&#8221;titulo-combinado&#8221; css=&#8221;.vc_custom_1696257086848{margin-bottom: 10px !important;}&#8221;]<\/p>\n<h2 style=\"text-align: left;\"><strong>Nosso<\/strong><br \/>\n<strong>Valores<\/strong><\/h2>\n<p>[\/vc_column_text][vc_column_text el_class=&#8221;primary-color texto-18px&#8221;]<\/p>\n<p style=\"text-align: left;\"><strong>Compromisso \u00e9 nossa prioridade.<\/strong><\/p>\n<p>[\/vc_column_text][vc_column_text]<\/p>\n<p style=\"text-align: left;\"><span data-sheets-value=\"{&quot;1&quot;:2,&quot;2&quot;:&quot;Apostamos na personaliza\u00e7\u00e3o e qualidade dos nossos servi\u00e7os para alcan\u00e7ar a maior satisfa\u00e7\u00e3o dos nossos clientes atrav\u00e9s da digitaliza\u00e7\u00e3o dos seus programas de incentivo e fideliza\u00e7\u00e3o. Tudo isso com foco na inova\u00e7\u00e3o para continuarmos sendo pioneiros no setor de marketing de relacionamento. Seu objetivo \u00e9 o nosso objetivo, portanto atrair e fidelizar seus clientes para estabelecer um relacionamento de longo prazo \u00e9 nosso principal objetivo.&quot;}\" data-sheets-userformat=\"{&quot;2&quot;:769,&quot;3&quot;:{&quot;1&quot;:0},&quot;11&quot;:4,&quot;12&quot;:0}\"><strong>Apostamos na personaliza\u00e7\u00e3o e qualidade<\/strong> dos nossos servi\u00e7os para alcan\u00e7ar a maior satisfa\u00e7\u00e3o dos nossos clientes atrav\u00e9s da digitaliza\u00e7\u00e3o dos seus programas de incentivo e fideliza\u00e7\u00e3o. Tudo isso com <strong>foco na inova\u00e7\u00e3o para continuarmos sendo pioneiros no setor das estrat\u00e9gias de marketing de relacionamento.<\/strong> Seu objetivo \u00e9 o nosso objetivo, portanto atrair e fidelizar seus clientes para estabelecer um relacionamento de longo prazo \u00e9 nosso principal objetivo.<\/span><\/p>\n<p>[\/vc_column_text][\/vc_column_inner][vc_column_inner width=&#8221;1\/6&#8243;][\/vc_column_inner][\/vc_row_inner][\/vc_column][vc_column width=&#8221;1\/2&#8243;][vc_single_image image=&#8221;1478&#8243; img_size=&#8221;full&#8221; alignment=&#8221;center&#8221;][\/vc_column][\/vc_row][vc_row][vc_column]<div class=\"ult-spacer spacer-69f2d6b7727df\" data-id=\"69f2d6b7727df\" data-height=\"80\" data-height-mobile=\"80\" data-height-tab=\"80\" data-height-tab-portrait=\"\" data-height-mobile-landscape=\"\" style=\"clear:both;display:block;\"><\/div>[\/vc_column][\/vc_row][vc_row full_width=&#8221;stretch_row&#8221; el_class=&#8221;fila-formulario&#8221; el_id=&#8221;contacto&#8221;][vc_column][vc_row_inner css=&#8221;.vc_custom_1658393026605{background-color: #333333 !important;}&#8221;][vc_column_inner][vc_column_text el_class=&#8221;color-blanco titulo-combinado&#8221;]<\/p>\n<h2><strong>Arrancamos? <\/strong><\/h2>\n<p>[\/vc_column_text][vc_column_text el_class=&#8221;color-blanco&#8221;]<\/p>\n<p style=\"text-align: left;\"><strong>Preencha este formul\u00e1rio<\/strong> e teremos o prazer de entrar em contacto consigo e come\u00e7ar a arrancar juntos.<\/p>\n<p>[\/vc_column_text]<div role=\"form\" class=\"wpcf7\" id=\"wpcf7-f1298-o1\" lang=\"es-ES\" dir=\"ltr\">\n<div class=\"screen-reader-response\"><p role=\"status\" aria-live=\"polite\" aria-atomic=\"true\"><\/p> <ul><\/ul><\/div>\n<form action=\"\/pt-pt\/wp-json\/wp\/v2\/pages\/1283#wpcf7-f1298-o1\" method=\"post\" class=\"wpcf7-form init\" novalidate=\"novalidate\" data-status=\"init\">\n<div style=\"display: none;\">\n<input type=\"hidden\" name=\"_wpcf7\" value=\"1298\" \/>\n<input type=\"hidden\" name=\"_wpcf7_version\" value=\"5.5.6.1\" \/>\n<input type=\"hidden\" name=\"_wpcf7_locale\" value=\"es_ES\" \/>\n<input type=\"hidden\" name=\"_wpcf7_unit_tag\" value=\"wpcf7-f1298-o1\" \/>\n<input type=\"hidden\" name=\"_wpcf7_container_post\" value=\"0\" \/>\n<input type=\"hidden\" name=\"_wpcf7_posted_data_hash\" value=\"\" \/>\n<input type=\"hidden\" name=\"_wpcf7_recaptcha_response\" value=\"\" \/>\n<\/div>\n<div style=\"padding-left: 0px;\" class=\"vc_col-sm-6\">\n<div style=\"padding-left: 0px;\" class=\"vc_col-sm-6 form-margin-top\">\n<p>Nome*<\/p>\n<p><span class=\"wpcf7-form-control-wrap nombre\"><input type=\"text\" name=\"nombre\" value=\"\" size=\"40\" class=\"wpcf7-form-control wpcf7-text wpcf7-validates-as-required\" aria-required=\"true\" aria-invalid=\"false\" \/><\/span>\n    <\/p><\/div>\n<div style=\"\" class=\"vc_col-sm-6 form-margin-top\">\n<p>Apelidos*<\/p>\n<p><span class=\"wpcf7-form-control-wrap apellidos\"><input type=\"text\" name=\"apellidos\" value=\"\" size=\"40\" class=\"wpcf7-form-control wpcf7-text wpcf7-validates-as-required\" aria-required=\"true\" aria-invalid=\"false\" \/><\/span>\n    <\/p><\/div>\n<div style=\"padding-left: 0px;\" class=\"vc_col-sm-12 form-margin-top\" >\n<p>Empresa<\/p>\n<p><span class=\"wpcf7-form-control-wrap empresa\"><input type=\"text\" name=\"empresa\" value=\"\" size=\"40\" class=\"wpcf7-form-control wpcf7-text\" aria-invalid=\"false\" \/><\/span>\n    <\/p><\/div>\n<div style=\"padding-left: 0px;\" class=\"vc_col-sm-12 form-margin-top\">\n<p>E-mail*<\/p>\n<p><span class=\"wpcf7-form-control-wrap email-416\"><input type=\"email\" name=\"email-416\" value=\"\" size=\"40\" class=\"wpcf7-form-control wpcf7-text wpcf7-email wpcf7-validates-as-required wpcf7-validates-as-email\" aria-required=\"true\" aria-invalid=\"false\" \/><\/span>\n    <\/p><\/div>\n<div>\n        <span id=\"wpcf7-69f2d6b77325c-wrapper\" class=\"wpcf7-form-control-wrap website-292-wrap\" style=\"display:none !important; visibility:hidden !important;\"><label for=\"wpcf7-69f2d6b77325c-field\" class=\"hp-message\">Please leave this field empty.<\/label><input id=\"wpcf7-69f2d6b77325c-field\"  class=\"wpcf7-form-control wpcf7-text\" type=\"text\" name=\"website-292\" value=\"\" size=\"40\" tabindex=\"-1\" autocomplete=\"new-password\" \/><\/span>\n    <\/div>\n<div style=\"padding-left: 0px;\" class=\"vc_col-sm-12 form-margin-top\">\n<p>Telefone*<\/p>\n<p><span class=\"wpcf7-form-control-wrap tel\"><input type=\"tel\" name=\"tel\" value=\"\" size=\"40\" class=\"wpcf7-form-control wpcf7-text wpcf7-tel wpcf7-validates-as-required wpcf7-validates-as-tel\" aria-required=\"true\" aria-invalid=\"false\" \/><\/span>\n    <\/p><\/div>\n<\/div>\n<div style=\"\" class=\"vc_col-sm-6 bloque-final\">\n<div style=\"\" class=\"vc_col-sm-12 form-margin-top\">\n<p>Conte-nos como podemos ajudar<\/p>\n<p><span class=\"wpcf7-form-control-wrap mensaje\"><textarea name=\"mensaje\" cols=\"40\" rows=\"10\" class=\"wpcf7-form-control wpcf7-textarea wpcf7-validates-as-required\" aria-required=\"true\" aria-invalid=\"false\"><\/textarea><\/span>\n    <\/p><\/div>\n<div class=\"vc_col-sm-8\">\n<p>        <label class=\"politica-privacidad\"><span class=\"wpcf7-form-control-wrap politica\"><span class=\"wpcf7-form-control wpcf7-checkbox wpcf7-validates-as-required\"><span class=\"wpcf7-list-item first last\"><input type=\"checkbox\" name=\"politica[]\" value=\"\" \/><span class=\"wpcf7-list-item-label\"><\/span><\/span><\/span><\/span><span>Aceito o tratamento dos meus dados para receber a informa\u00e7\u00e3o solicitada<\/span><\/label><\/p>\n<p style=\"font-size: 9px; line-height: 15px;\">Respons\u00e1vel: ACL DirectPromo, SL, finalidade: Dar resposta aos pedidos de informa\u00e7\u00e3o, legitima\u00e7\u00e3o: consentimento do interessado, destinat\u00e1rios: n\u00e3o ser\u00e3o comunicados dados a terceiros, direitos: Aceder, retificar e eliminar os dados, assim como outros direitos, como explicado na, como se explica en la <a href=\"https:\/\/acl-directpromo.com\/politica-privacidad\/\" style=\"font-size: 9px; line-height: 15px;\">informa\u00e7\u00e3o adicional<\/a>.<\/p>\n<span class=\"wpcf7-form-control-wrap recaptcha\" data-name=\"recaptcha\"><span data-sitekey=\"6LdoUCEkAAAAAGsAdQPjkeCX4fwv8-L392pti84m\" data-size=\"compact\" class=\"wpcf7-form-control g-recaptcha wpcf7-recaptcha\"><\/span>\r\n<noscript>\r\n\t<div class=\"grecaptcha-noscript\">\r\n\t\t<iframe src=\"https:\/\/www.google.com\/recaptcha\/api\/fallback?k=6LdoUCEkAAAAAGsAdQPjkeCX4fwv8-L392pti84m\" frameborder=\"0\" scrolling=\"no\" width=\"310\" height=\"430\">\r\n\t\t<\/iframe>\r\n\t\t<textarea name=\"g-recaptcha-response\" rows=\"3\" cols=\"40\" placeholder=\"reCaptcha Response Here\">\r\n\t\t<\/textarea>\r\n\t<\/div>\r\n<\/noscript>\r\n<\/span>\n<\/div>\n<div class=\"vc_col-sm-4 \">\n<div style=\"\" class=\"vc_col-sm-12\">\n<p>* Campos obrigat\u00f3rios<\/p>\n<\/div>\n<div style=\"\" class=\"vc_col-sm-12 fila-enviar\">\n            <input type=\"submit\" value=\"Enviar\" class=\"wpcf7-form-control has-spinner wpcf7-submit\" \/>\n        <\/div>\n<\/div>\n<\/div>\n<div class=\"wpcf7-response-output\" aria-hidden=\"true\"><\/div><\/form><\/div>[\/vc_column_inner][\/vc_row_inner]<div class=\"ult-spacer spacer-69f2d6b7735a2\" data-id=\"69f2d6b7735a2\" data-height=\"60\" data-height-mobile=\"60\" data-height-tab=\"60\" data-height-tab-portrait=\"\" data-height-mobile-landscape=\"\" style=\"clear:both;display:block;\"><\/div>[\/vc_column][\/vc_row]<\/p>\n<\/div>","protected":false},"excerpt":{"rendered":"<p>[vc_row full_width=&#8221;stretch_row&#8221; gap=&#8221;35&#8243; full_height=&#8221;yes&#8221; equal_height=&#8221;yes&#8221; content_placement=&#8221;bottom&#8221; el_class=&#8221;banner-header&#8221;][vc_column][vc_row_inner content_placement=&#8221;middle&#8221;][vc_column_inner width=&#8221;1\/3&#8243;][vc_column_text el_class=&#8221;texto-59px texto-noto titulo-banner&#8221;] Porqu\u00ea a nossa empresa? [\/vc_column_text][vc_separator color=&#8221;black&#8221; align=&#8221;align_left&#8221; el_width=&#8221;20&#8243;][vc_column_text el_class=&#8221;texto-24px&#8221;] Queremos ser o seu parceiro estrat\u00e9gico para ajudar a elevar o n\u00edvel do seu neg\u00f3cio [\/vc_column_text][\/vc_column_inner][vc_column_inner width=&#8221;2\/3&#8243;][vc_single_image image=&#8221;1080&#8243; img_size=&#8221;full&#8221; alignment=&#8221;right&#8221;][\/vc_column_inner][\/vc_row_inner][\/vc_column][\/vc_row][vc_row][vc_column][\/vc_column][\/vc_row][vc_row gap=&#8221;35&#8243; content_placement=&#8221;middle&#8221;][vc_column width=&#8221;1\/2&#8243;][vc_column_text]Contamos com uma trajet\u00f3ria de mais de 30 anos de experi\u00eancia e [&hellip;]<\/p>\n","protected":false},"author":4,"featured_media":1246,"parent":0,"menu_order":0,"comment_status":"closed","ping_status":"closed","template":"","meta":{"footnotes":""},"yoast_head":"<!-- This site is optimized with the Yoast SEO plugin v21.3 - https:\/\/yoast.com\/wordpress\/plugins\/seo\/ -->\n<title>Quem Somos - ACL Direct Promo | estrat\u00e9gias de marketing<\/title>\n<meta name=\"description\" content=\"L\u00edderes em estrat\u00e9gias de marketing relacional e fideliza\u00e7\u00e3o de clientes para empresas. Criamos rela\u00e7\u00f5es duradouras com os seus clientes.\" \/>\n<meta name=\"robots\" content=\"index, follow, max-snippet:-1, max-image-preview:large, max-video-preview:-1\" \/>\n<link rel=\"canonical\" href=\"https:\/\/acl-directpromo.com\/pt-pt\/estrategias-marketing\/\" \/>\n<meta property=\"og:locale\" content=\"pt_PT\" \/>\n<meta property=\"og:type\" content=\"article\" \/>\n<meta property=\"og:title\" content=\"Quem Somos - ACL Direct Promo | estrat\u00e9gias de marketing\" \/>\n<meta property=\"og:description\" content=\"L\u00edderes em estrat\u00e9gias de marketing relacional e fideliza\u00e7\u00e3o de clientes para empresas. Criamos rela\u00e7\u00f5es duradouras com os seus clientes.\" \/>\n<meta property=\"og:url\" content=\"https:\/\/acl-directpromo.com\/pt-pt\/estrategias-marketing\/\" \/>\n<meta property=\"og:site_name\" content=\"ACL Direct Promo\" \/>\n<meta property=\"article:modified_time\" content=\"2024-08-14T09:24:35+00:00\" \/>\n<meta property=\"og:image\" content=\"https:\/\/acl-directpromo.com\/wp-content\/uploads\/2023\/03\/003_ACL-Redisseny_IdentitatVisual_Logo_horizontal_web-6-1.png\" \/>\n\t<meta property=\"og:image:width\" content=\"540\" \/>\n\t<meta property=\"og:image:height\" content=\"490\" \/>\n\t<meta property=\"og:image:type\" content=\"image\/png\" \/>\n<meta name=\"twitter:card\" content=\"summary_large_image\" \/>\n<meta name=\"twitter:label1\" content=\"Tempo estimado de leitura\" \/>\n\t<meta name=\"twitter:data1\" content=\"2 minutos\" \/>\n<!-- \/ Yoast SEO plugin. -->","yoast_head_json":{"title":"Quem Somos - ACL Direct Promo | estrat\u00e9gias de marketing","description":"L\u00edderes em estrat\u00e9gias de marketing relacional e fideliza\u00e7\u00e3o de clientes para empresas. Criamos rela\u00e7\u00f5es duradouras com os seus clientes.","robots":{"index":"index","follow":"follow","max-snippet":"max-snippet:-1","max-image-preview":"max-image-preview:large","max-video-preview":"max-video-preview:-1"},"canonical":"https:\/\/acl-directpromo.com\/pt-pt\/estrategias-marketing\/","og_locale":"pt_PT","og_type":"article","og_title":"Quem Somos - ACL Direct Promo | estrat\u00e9gias de marketing","og_description":"L\u00edderes em estrat\u00e9gias de marketing relacional e fideliza\u00e7\u00e3o de clientes para empresas. Criamos rela\u00e7\u00f5es duradouras com os seus clientes.","og_url":"https:\/\/acl-directpromo.com\/pt-pt\/estrategias-marketing\/","og_site_name":"ACL Direct Promo","article_modified_time":"2024-08-14T09:24:35+00:00","og_image":[{"width":540,"height":490,"url":"https:\/\/acl-directpromo.com\/wp-content\/uploads\/2023\/03\/003_ACL-Redisseny_IdentitatVisual_Logo_horizontal_web-6-1.png","type":"image\/png"}],"twitter_card":"summary_large_image","twitter_misc":{"Tempo estimado de leitura":"2 minutos"},"schema":{"@context":"https:\/\/schema.org","@graph":[{"@type":"WebPage","@id":"https:\/\/acl-directpromo.com\/pt-pt\/estrategias-marketing\/","url":"https:\/\/acl-directpromo.com\/pt-pt\/estrategias-marketing\/","name":"Quem Somos - ACL Direct Promo | estrat\u00e9gias de marketing","isPartOf":{"@id":"https:\/\/acl-directpromo.com\/#website"},"datePublished":"2022-07-22T06:46:18+00:00","dateModified":"2024-08-14T09:24:35+00:00","description":"L\u00edderes em estrat\u00e9gias de marketing relacional e fideliza\u00e7\u00e3o de clientes para empresas. Criamos rela\u00e7\u00f5es duradouras com os seus clientes.","inLanguage":"pt-PT","potentialAction":[{"@type":"ReadAction","target":["https:\/\/acl-directpromo.com\/pt-pt\/estrategias-marketing\/"]}]},{"@type":"WebSite","@id":"https:\/\/acl-directpromo.com\/#website","url":"https:\/\/acl-directpromo.com\/","name":"Programas de Fidelizaci\u00f3n e Incentivos - ACL Direct Promo","description":"Programas de Fidelizaci\u00f3n e Incentivos","publisher":{"@id":"https:\/\/acl-directpromo.com\/#organization"},"potentialAction":[{"@type":"SearchAction","target":{"@type":"EntryPoint","urlTemplate":"https:\/\/acl-directpromo.com\/?s={search_term_string}"},"query-input":"required name=search_term_string"}],"inLanguage":"pt-PT"},{"@type":"Organization","@id":"https:\/\/acl-directpromo.com\/#organization","name":"ACL Direct Promo","url":"https:\/\/acl-directpromo.com\/","logo":{"@type":"ImageObject","inLanguage":"pt-PT","@id":"https:\/\/acl-directpromo.com\/#\/schema\/logo\/image\/","url":"https:\/\/acl-directpromo.com\/wp-content\/uploads\/2023\/11\/ACL-Logo_horizontal_-GRANATE-1.png","contentUrl":"https:\/\/acl-directpromo.com\/wp-content\/uploads\/2023\/11\/ACL-Logo_horizontal_-GRANATE-1.png","width":478,"height":402,"caption":"ACL Direct Promo"},"image":{"@id":"https:\/\/acl-directpromo.com\/#\/schema\/logo\/image\/"}}]}},"_links":{"self":[{"href":"https:\/\/acl-directpromo.com\/pt-pt\/wp-json\/wp\/v2\/pages\/1283"}],"collection":[{"href":"https:\/\/acl-directpromo.com\/pt-pt\/wp-json\/wp\/v2\/pages"}],"about":[{"href":"https:\/\/acl-directpromo.com\/pt-pt\/wp-json\/wp\/v2\/types\/page"}],"author":[{"embeddable":true,"href":"https:\/\/acl-directpromo.com\/pt-pt\/wp-json\/wp\/v2\/users\/4"}],"replies":[{"embeddable":true,"href":"https:\/\/acl-directpromo.com\/pt-pt\/wp-json\/wp\/v2\/comments?post=1283"}],"version-history":[{"count":9,"href":"https:\/\/acl-directpromo.com\/pt-pt\/wp-json\/wp\/v2\/pages\/1283\/revisions"}],"predecessor-version":[{"id":2215,"href":"https:\/\/acl-directpromo.com\/pt-pt\/wp-json\/wp\/v2\/pages\/1283\/revisions\/2215"}],"wp:featuredmedia":[{"embeddable":true,"href":"https:\/\/acl-directpromo.com\/pt-pt\/wp-json\/wp\/v2\/media\/1246"}],"wp:attachment":[{"href":"https:\/\/acl-directpromo.com\/pt-pt\/wp-json\/wp\/v2\/media?parent=1283"}],"curies":[{"name":"wp","href":"https:\/\/api.w.org\/{rel}","templated":true}]}}