{"id":1294,"date":"2023-03-20T07:58:23","date_gmt":"2023-03-20T07:58:23","guid":{"rendered":"https:\/\/acl-directpromo.com\/blog\/"},"modified":"2023-10-03T08:35:25","modified_gmt":"2023-10-03T08:35:25","slug":"blogue","status":"publish","type":"page","link":"https:\/\/acl-directpromo.com\/pt-pt\/blogue\/","title":{"rendered":"Blogue"},"content":{"rendered":"<div class=\"wpb-content-wrapper\"><p>[vc_row full_width=&#8221;stretch_row&#8221; gap=&#8221;35&#8243; equal_height=&#8221;yes&#8221; content_placement=&#8221;bottom&#8221; el_class=&#8221;banner-header banner-pagina-blog&#8221;][vc_column]<div class=\"ult-spacer spacer-69d04955e3765\" data-id=\"69d04955e3765\" data-height=\"100\" data-height-mobile=\"50\" data-height-tab=\"100\" data-height-tab-portrait=\"100\" data-height-mobile-landscape=\"50\" style=\"clear:both;display:block;\"><\/div>[vc_row_inner content_placement=&#8221;middle&#8221;][vc_column_inner width=&#8221;1\/3&#8243;][vc_column_text el_class=&#8221;texto-59px texto-noto titulo-banner&#8221;]<\/p>\n<h1 style=\"text-align: left;\"><strong>O Nosso<br \/>\nblogue<\/strong><\/h1>\n<p>[\/vc_column_text][\/vc_column_inner][vc_column_inner width=&#8221;2\/3&#8243;][vc_single_image image=&#8221;1227&#8243; img_size=&#8221;full&#8221; alignment=&#8221;right&#8221;][\/vc_column_inner][\/vc_row_inner][\/vc_column][\/vc_row][vc_row][vc_column]<div class=\"ult-spacer spacer-69d04955e37c2\" data-id=\"69d04955e37c2\" data-height=\"50\" data-height-mobile=\"50\" data-height-tab=\"50\" data-height-tab-portrait=\"\" data-height-mobile-landscape=\"\" style=\"clear:both;display:block;\"><\/div>[\/vc_column][\/vc_row][vc_row content_placement=&#8221;top&#8221; el_class=&#8221;order-responsive fila-blog-dos-columnas&#8221;][vc_column width=&#8221;3\/4&#8243; el_class=&#8221;order-1&#8243;][vc_column_text]<div class=\"search-filter-results\" id=\"search-filter-results-1471\">\t\n\t\n\t\t\t<div class=\"bloque-noticia-blog vc_col-sm-4\">\n\t\t\t<div clasS=\"contenedor-noticia-blog\">\n\t\t\t\t<div class=\"img-blog\">\n\t\t\t\t\t\t\t\t\t\t <a href=\"https:\/\/acl-directpromo.com\/pt-pt\/acl-directpromo-parceiro-ouro-fyvar\/\" title=\"ACL Direct Promo torna-se GOLD PARTNER da FYVAR\" >\n\t\t\t\t\t\t<p>\n\t\t\t\t\t\t<img width=\"1200\" height=\"882\" src=\"https:\/\/acl-directpromo.com\/wp-content\/uploads\/2025\/03\/Fyvar-acl-baja.jpg\" class=\"attachment-small size-small wp-post-image\" alt=\"\" decoding=\"async\" srcset=\"https:\/\/acl-directpromo.com\/wp-content\/uploads\/2025\/03\/Fyvar-acl-baja.jpg 1200w, https:\/\/acl-directpromo.com\/wp-content\/uploads\/2025\/03\/Fyvar-acl-baja-300x221.jpg 300w, https:\/\/acl-directpromo.com\/wp-content\/uploads\/2025\/03\/Fyvar-acl-baja-1024x753.jpg 1024w, https:\/\/acl-directpromo.com\/wp-content\/uploads\/2025\/03\/Fyvar-acl-baja-768x564.jpg 768w\" sizes=\"(max-width: 1200px) 100vw, 1200px\" \/>\t\t\t\t\t\t<\/p>\n\t\t\t\t\t\t\t\t\t\t<\/div>\n\t\t\t\t<div class =\"contenido-blog\">\n\t\t\t\t<h2><a href=\"https:\/\/acl-directpromo.com\/pt-pt\/acl-directpromo-parceiro-ouro-fyvar\/\"> ACL Direct Promo torna-se GOLD PARTNER da FYVAR<\/a><\/h2>\n\t\t\t\t\n\t\t\t\t<div class=\"excerpt-blog\"><p>En el mundo empresarial B2B, la construcci\u00f3n de relaciones s\u00f3lidas&#8230;<\/p>\n<\/p><\/div>\n\t\t\t\t\n\t\t\t\t\t\t\t\t\t<p><a class=\"leer-mas-noticias\" href=\"https:\/\/acl-directpromo.com\/pt-pt\/acl-directpromo-parceiro-ouro-fyvar\/\">Ler mais<\/a><\/p>\n\t\t\t\t\t\t\t\t\t\n\t\t\t\t<\/div>\n\t\t\t<\/div>\n\t\t<\/div>\n\t\t\n\t\t\t\t<div class=\"bloque-noticia-blog vc_col-sm-4\">\n\t\t\t<div clasS=\"contenedor-noticia-blog\">\n\t\t\t\t<div class=\"img-blog\">\n\t\t\t\t\t\t\t\t\t\t <a href=\"https:\/\/acl-directpromo.com\/pt-pt\/o-impacto-da-inteligencia-artificial-ia-no-marketing-relacional\/\" title=\"O impacto da Intelig\u00eancia Artificial no mkt relacional\" >\n\t\t\t\t\t\t<p>\n\t\t\t\t\t\t<img width=\"2560\" height=\"1881\" src=\"https:\/\/acl-directpromo.com\/wp-content\/uploads\/2024\/08\/El-impacto-de-la-Inteligencia-Artificial-IA-en-el-marketing-relacional-scaled.jpg\" class=\"attachment-small size-small wp-post-image\" alt=\"El-impacto-de-la-Inteligencia-Artificial-IA-en-el-marketing-relacional\" decoding=\"async\" srcset=\"https:\/\/acl-directpromo.com\/wp-content\/uploads\/2024\/08\/El-impacto-de-la-Inteligencia-Artificial-IA-en-el-marketing-relacional-scaled.jpg 2560w, https:\/\/acl-directpromo.com\/wp-content\/uploads\/2024\/08\/El-impacto-de-la-Inteligencia-Artificial-IA-en-el-marketing-relacional-300x220.jpg 300w, https:\/\/acl-directpromo.com\/wp-content\/uploads\/2024\/08\/El-impacto-de-la-Inteligencia-Artificial-IA-en-el-marketing-relacional-1024x752.jpg 1024w, https:\/\/acl-directpromo.com\/wp-content\/uploads\/2024\/08\/El-impacto-de-la-Inteligencia-Artificial-IA-en-el-marketing-relacional-768x564.jpg 768w, https:\/\/acl-directpromo.com\/wp-content\/uploads\/2024\/08\/El-impacto-de-la-Inteligencia-Artificial-IA-en-el-marketing-relacional-1536x1129.jpg 1536w, https:\/\/acl-directpromo.com\/wp-content\/uploads\/2024\/08\/El-impacto-de-la-Inteligencia-Artificial-IA-en-el-marketing-relacional-2048x1505.jpg 2048w\" sizes=\"(max-width: 2560px) 100vw, 2560px\" \/>\t\t\t\t\t\t<\/p>\n\t\t\t\t\t\t\t\t\t\t<\/div>\n\t\t\t\t<div class =\"contenido-blog\">\n\t\t\t\t<h2><a href=\"https:\/\/acl-directpromo.com\/pt-pt\/o-impacto-da-inteligencia-artificial-ia-no-marketing-relacional\/\"> O impacto da Intelig\u00eancia Artificial no mkt relacional<\/a><\/h2>\n\t\t\t\t\n\t\t\t\t<div class=\"excerpt-blog\"><p>En el mundo empresarial B2B, la construcci\u00f3n de relaciones s\u00f3lidas&#8230;<\/p>\n<\/p><\/div>\n\t\t\t\t\n\t\t\t\t\t\t\t\t\t<p><a class=\"leer-mas-noticias\" href=\"https:\/\/acl-directpromo.com\/pt-pt\/o-impacto-da-inteligencia-artificial-ia-no-marketing-relacional\/\">Ler mais<\/a><\/p>\n\t\t\t\t\t\t\t\t\t\n\t\t\t\t<\/div>\n\t\t\t<\/div>\n\t\t<\/div>\n\t\t\n\t\t\t\t<div class=\"bloque-noticia-blog vc_col-sm-4\">\n\t\t\t<div clasS=\"contenedor-noticia-blog\">\n\t\t\t\t<div class=\"img-blog\">\n\t\t\t\t\t\t\t\t\t\t <a href=\"https:\/\/acl-directpromo.com\/pt-pt\/tendencias-de-marketing-em-2024\/\" title=\"Tend\u00eancias de marketing em 2024\" >\n\t\t\t\t\t\t<p>\n\t\t\t\t\t\t<img width=\"7952\" height=\"5304\" src=\"https:\/\/acl-directpromo.com\/wp-content\/uploads\/2024\/05\/tendencias_marketing_acldirectpromo.jpg\" class=\"attachment-small size-small wp-post-image\" alt=\"tendencias_marketing_acldirectpromo\" decoding=\"async\" srcset=\"https:\/\/acl-directpromo.com\/wp-content\/uploads\/2024\/05\/tendencias_marketing_acldirectpromo.jpg 7952w, https:\/\/acl-directpromo.com\/wp-content\/uploads\/2024\/05\/tendencias_marketing_acldirectpromo-300x200.jpg 300w, https:\/\/acl-directpromo.com\/wp-content\/uploads\/2024\/05\/tendencias_marketing_acldirectpromo-1024x683.jpg 1024w, https:\/\/acl-directpromo.com\/wp-content\/uploads\/2024\/05\/tendencias_marketing_acldirectpromo-768x512.jpg 768w, https:\/\/acl-directpromo.com\/wp-content\/uploads\/2024\/05\/tendencias_marketing_acldirectpromo-1536x1025.jpg 1536w\" sizes=\"(max-width: 7952px) 100vw, 7952px\" \/>\t\t\t\t\t\t<\/p>\n\t\t\t\t\t\t\t\t\t\t<\/div>\n\t\t\t\t<div class =\"contenido-blog\">\n\t\t\t\t<h2><a href=\"https:\/\/acl-directpromo.com\/pt-pt\/tendencias-de-marketing-em-2024\/\"> Tend\u00eancias de marketing em 2024<\/a><\/h2>\n\t\t\t\t\n\t\t\t\t<div class=\"excerpt-blog\"><p>En el mundo empresarial B2B, la construcci\u00f3n de relaciones s\u00f3lidas&#8230;<\/p>\n<\/p><\/div>\n\t\t\t\t\n\t\t\t\t\t\t\t\t\t<p><a class=\"leer-mas-noticias\" href=\"https:\/\/acl-directpromo.com\/pt-pt\/tendencias-de-marketing-em-2024\/\">Ler mais<\/a><\/p>\n\t\t\t\t\t\t\t\t\t\n\t\t\t\t<\/div>\n\t\t\t<\/div>\n\t\t<\/div>\n\t\t\n\t\t\t\t<div class=\"bloque-noticia-blog vc_col-sm-4\">\n\t\t\t<div clasS=\"contenedor-noticia-blog\">\n\t\t\t\t<div class=\"img-blog\">\n\t\t\t\t\t\t\t\t\t\t <a href=\"https:\/\/acl-directpromo.com\/pt-pt\/vantagens-programas-de-fidelizacao\/\" title=\"Vantagens dos programas de fideliza\u00e7\u00e3o B2B\" >\n\t\t\t\t\t\t<p>\n\t\t\t\t\t\t<img width=\"1414\" height=\"940\" src=\"https:\/\/acl-directpromo.com\/wp-content\/uploads\/2024\/03\/Captura-de-pantalla-2024-03-11-093112-2.png\" class=\"attachment-small size-small wp-post-image\" alt=\"beneficios-programas-de-fidelizacion\" decoding=\"async\" srcset=\"https:\/\/acl-directpromo.com\/wp-content\/uploads\/2024\/03\/Captura-de-pantalla-2024-03-11-093112-2.png 1414w, https:\/\/acl-directpromo.com\/wp-content\/uploads\/2024\/03\/Captura-de-pantalla-2024-03-11-093112-2-300x199.png 300w, https:\/\/acl-directpromo.com\/wp-content\/uploads\/2024\/03\/Captura-de-pantalla-2024-03-11-093112-2-1024x681.png 1024w, https:\/\/acl-directpromo.com\/wp-content\/uploads\/2024\/03\/Captura-de-pantalla-2024-03-11-093112-2-768x511.png 768w\" sizes=\"(max-width: 1414px) 100vw, 1414px\" \/>\t\t\t\t\t\t<\/p>\n\t\t\t\t\t\t\t\t\t\t<\/div>\n\t\t\t\t<div class =\"contenido-blog\">\n\t\t\t\t<h2><a href=\"https:\/\/acl-directpromo.com\/pt-pt\/vantagens-programas-de-fidelizacao\/\"> Vantagens dos programas de fideliza\u00e7\u00e3o B2B<\/a><\/h2>\n\t\t\t\t\n\t\t\t\t<div class=\"excerpt-blog\"><p>No mundo dos neg\u00f3cios B2B, construir rela\u00e7\u00f5es fortes e duradouras&#8230;<\/p>\n<\/p><\/div>\n\t\t\t\t\n\t\t\t\t\t\t\t\t\t<p><a class=\"leer-mas-noticias\" href=\"https:\/\/acl-directpromo.com\/pt-pt\/vantagens-programas-de-fidelizacao\/\">Ler mais<\/a><\/p>\n\t\t\t\t\t\t\t\t\t\n\t\t\t\t<\/div>\n\t\t\t<\/div>\n\t\t<\/div>\n\t\t\n\t\t\t\t<div class=\"bloque-noticia-blog vc_col-sm-4\">\n\t\t\t<div clasS=\"contenedor-noticia-blog\">\n\t\t\t\t<div class=\"img-blog\">\n\t\t\t\t\t\t\t\t\t\t <a href=\"https:\/\/acl-directpromo.com\/pt-pt\/tudo-o-que-necessita-saber-sobre-a-gamificacao\/\" title=\"Tudo o que necessita saber sobre a Gamifica\u00e7\u00e3o\" >\n\t\t\t\t\t\t<p>\n\t\t\t\t\t\t<img width=\"606\" height=\"426\" src=\"https:\/\/acl-directpromo.com\/wp-content\/uploads\/2023\/06\/Diseno-sin-titulo-2023-06-15T171306.002.png\" class=\"attachment-small size-small wp-post-image\" alt=\"\" decoding=\"async\" srcset=\"https:\/\/acl-directpromo.com\/wp-content\/uploads\/2023\/06\/Diseno-sin-titulo-2023-06-15T171306.002.png 606w, https:\/\/acl-directpromo.com\/wp-content\/uploads\/2023\/06\/Diseno-sin-titulo-2023-06-15T171306.002-300x211.png 300w\" sizes=\"(max-width: 606px) 100vw, 606px\" \/>\t\t\t\t\t\t<\/p>\n\t\t\t\t\t\t\t\t\t\t<\/div>\n\t\t\t\t<div class =\"contenido-blog\">\n\t\t\t\t<h2><a href=\"https:\/\/acl-directpromo.com\/pt-pt\/tudo-o-que-necessita-saber-sobre-a-gamificacao\/\"> Tudo o que necessita saber sobre a Gamifica\u00e7\u00e3o<\/a><\/h2>\n\t\t\t\t\n\t\t\t\t<div class=\"excerpt-blog\"><p>No mundo atual, as marcas e as empresas enfrentam o enorme desafio de&#8230;<\/p>\n<\/p><\/div>\n\t\t\t\t\n\t\t\t\t\t\t\t\t\t<p><a class=\"leer-mas-noticias\" href=\"https:\/\/acl-directpromo.com\/pt-pt\/tudo-o-que-necessita-saber-sobre-a-gamificacao\/\">Ler mais<\/a><\/p>\n\t\t\t\t\t\t\t\t\t\n\t\t\t\t<\/div>\n\t\t\t<\/div>\n\t\t<\/div>\n\t\t\n\t\t\t\t<div class=\"bloque-noticia-blog vc_col-sm-4\">\n\t\t\t<div clasS=\"contenedor-noticia-blog\">\n\t\t\t\t<div class=\"img-blog\">\n\t\t\t\t\t\t\t\t\t\t <a href=\"https:\/\/acl-directpromo.com\/pt-pt\/marketing-relacional\/\" title=\"O que \u00e9 o marketing relacional?\" >\n\t\t\t\t\t\t<p>\n\t\t\t\t\t\t<img width=\"828\" height=\"581\" src=\"https:\/\/acl-directpromo.com\/wp-content\/uploads\/2022\/05\/img-blog.png\" class=\"attachment-small size-small wp-post-image\" alt=\"\" decoding=\"async\" srcset=\"https:\/\/acl-directpromo.com\/wp-content\/uploads\/2022\/05\/img-blog.png 828w, https:\/\/acl-directpromo.com\/wp-content\/uploads\/2022\/05\/img-blog-300x211.png 300w, https:\/\/acl-directpromo.com\/wp-content\/uploads\/2022\/05\/img-blog-768x539.png 768w\" sizes=\"(max-width: 828px) 100vw, 828px\" \/>\t\t\t\t\t\t<\/p>\n\t\t\t\t\t\t\t\t\t\t<\/div>\n\t\t\t\t<div class =\"contenido-blog\">\n\t\t\t\t<h2><a href=\"https:\/\/acl-directpromo.com\/pt-pt\/marketing-relacional\/\"> O que \u00e9 o marketing relacional?<\/a><\/h2>\n\t\t\t\t\n\t\t\t\t<div class=\"excerpt-blog\"><p>Fornecer um valor diferenciador ao cliente \u00e9 muito importante, uma vez que&#8230;<\/p>\n<\/p><\/div>\n\t\t\t\t\n\t\t\t\t\t\t\t\t\t<p><a class=\"leer-mas-noticias\" href=\"https:\/\/acl-directpromo.com\/pt-pt\/marketing-relacional\/\">Ler mais<\/a><\/p>\n\t\t\t\t\t\t\t\t\t\n\t\t\t\t<\/div>\n\t\t\t<\/div>\n\t\t<\/div>\n\t\t\n\t\t\t\n\t\n\t<div class=\"pagination\">\n\t\t\t<\/div>\n\t<\/div>[\/vc_column_text][\/vc_column][vc_column width=&#8221;1\/4&#8243; el_class=&#8221;order-0&#8243;][vc_widget_sidebar sidebar_id=&#8221;sidebar_blog&#8221;][\/vc_column][\/vc_row][vc_row][vc_column]<div class=\"ult-spacer spacer-69d049560f291\" data-id=\"69d049560f291\" data-height=\"150\" data-height-mobile=\"50\" data-height-tab=\"\" data-height-tab-portrait=\"\" data-height-mobile-landscape=\"50\" style=\"clear:both;display:block;\"><\/div>[\/vc_column][\/vc_row][vc_row full_width=&#8221;stretch_row&#8221; el_class=&#8221;fila-formulario&#8221; el_id=&#8221;contacto&#8221;][vc_column][vc_row_inner css=&#8221;.vc_custom_1658393026605{background-color: #333333 !important;}&#8221;][vc_column_inner][vc_column_text el_class=&#8221;color-blanco titulo-combinado&#8221;]<\/p>\n<h2><strong>Arrancamos? <\/strong><\/h2>\n<p>[\/vc_column_text][vc_column_text el_class=&#8221;color-blanco&#8221;]<\/p>\n<p style=\"text-align: left;\"><strong>Preencha este formul\u00e1rio<\/strong> e teremos o prazer de entrar em contacto consigo e come\u00e7ar a arrancar juntos.<\/p>\n<p>[\/vc_column_text]<div role=\"form\" class=\"wpcf7\" id=\"wpcf7-f1298-o1\" lang=\"es-ES\" dir=\"ltr\">\n<div class=\"screen-reader-response\"><p role=\"status\" aria-live=\"polite\" aria-atomic=\"true\"><\/p> <ul><\/ul><\/div>\n<form action=\"\/pt-pt\/wp-json\/wp\/v2\/pages\/1294#wpcf7-f1298-o1\" method=\"post\" class=\"wpcf7-form init\" novalidate=\"novalidate\" data-status=\"init\">\n<div style=\"display: none;\">\n<input type=\"hidden\" name=\"_wpcf7\" value=\"1298\" \/>\n<input type=\"hidden\" name=\"_wpcf7_version\" value=\"5.5.6.1\" \/>\n<input type=\"hidden\" name=\"_wpcf7_locale\" value=\"es_ES\" \/>\n<input type=\"hidden\" name=\"_wpcf7_unit_tag\" value=\"wpcf7-f1298-o1\" \/>\n<input type=\"hidden\" name=\"_wpcf7_container_post\" value=\"0\" \/>\n<input type=\"hidden\" name=\"_wpcf7_posted_data_hash\" value=\"\" \/>\n<input type=\"hidden\" name=\"_wpcf7_recaptcha_response\" value=\"\" \/>\n<\/div>\n<div style=\"padding-left: 0px;\" class=\"vc_col-sm-6\">\n<div style=\"padding-left: 0px;\" class=\"vc_col-sm-6 form-margin-top\">\n<p>Nome*<\/p>\n<p><span class=\"wpcf7-form-control-wrap nombre\"><input type=\"text\" name=\"nombre\" value=\"\" size=\"40\" class=\"wpcf7-form-control wpcf7-text wpcf7-validates-as-required\" aria-required=\"true\" aria-invalid=\"false\" \/><\/span>\n    <\/p><\/div>\n<div style=\"\" class=\"vc_col-sm-6 form-margin-top\">\n<p>Apelidos*<\/p>\n<p><span class=\"wpcf7-form-control-wrap apellidos\"><input type=\"text\" name=\"apellidos\" value=\"\" size=\"40\" class=\"wpcf7-form-control wpcf7-text wpcf7-validates-as-required\" aria-required=\"true\" aria-invalid=\"false\" \/><\/span>\n    <\/p><\/div>\n<div style=\"padding-left: 0px;\" class=\"vc_col-sm-12 form-margin-top\" >\n<p>Empresa<\/p>\n<p><span class=\"wpcf7-form-control-wrap empresa\"><input type=\"text\" name=\"empresa\" value=\"\" size=\"40\" class=\"wpcf7-form-control wpcf7-text\" aria-invalid=\"false\" \/><\/span>\n    <\/p><\/div>\n<div style=\"padding-left: 0px;\" class=\"vc_col-sm-12 form-margin-top\">\n<p>E-mail*<\/p>\n<p><span class=\"wpcf7-form-control-wrap email-416\"><input type=\"email\" name=\"email-416\" value=\"\" size=\"40\" class=\"wpcf7-form-control wpcf7-text wpcf7-email wpcf7-validates-as-required wpcf7-validates-as-email\" aria-required=\"true\" aria-invalid=\"false\" \/><\/span>\n    <\/p><\/div>\n<div>\n        <span id=\"wpcf7-69d049560fdfc-wrapper\" class=\"wpcf7-form-control-wrap website-292-wrap\" style=\"display:none !important; visibility:hidden !important;\"><label for=\"wpcf7-69d049560fdfc-field\" class=\"hp-message\">Please leave this field empty.<\/label><input id=\"wpcf7-69d049560fdfc-field\"  class=\"wpcf7-form-control wpcf7-text\" type=\"text\" name=\"website-292\" value=\"\" size=\"40\" tabindex=\"-1\" autocomplete=\"new-password\" \/><\/span>\n    <\/div>\n<div style=\"padding-left: 0px;\" class=\"vc_col-sm-12 form-margin-top\">\n<p>Telefone*<\/p>\n<p><span class=\"wpcf7-form-control-wrap tel\"><input type=\"tel\" name=\"tel\" value=\"\" size=\"40\" class=\"wpcf7-form-control wpcf7-text wpcf7-tel wpcf7-validates-as-required wpcf7-validates-as-tel\" aria-required=\"true\" aria-invalid=\"false\" \/><\/span>\n    <\/p><\/div>\n<\/div>\n<div style=\"\" class=\"vc_col-sm-6 bloque-final\">\n<div style=\"\" class=\"vc_col-sm-12 form-margin-top\">\n<p>Conte-nos como podemos ajudar<\/p>\n<p><span class=\"wpcf7-form-control-wrap mensaje\"><textarea name=\"mensaje\" cols=\"40\" rows=\"10\" class=\"wpcf7-form-control wpcf7-textarea wpcf7-validates-as-required\" aria-required=\"true\" aria-invalid=\"false\"><\/textarea><\/span>\n    <\/p><\/div>\n<div class=\"vc_col-sm-8\">\n<p>        <label class=\"politica-privacidad\"><span class=\"wpcf7-form-control-wrap politica\"><span class=\"wpcf7-form-control wpcf7-checkbox wpcf7-validates-as-required\"><span class=\"wpcf7-list-item first last\"><input type=\"checkbox\" name=\"politica[]\" value=\"\" \/><span class=\"wpcf7-list-item-label\"><\/span><\/span><\/span><\/span><span>Aceito o tratamento dos meus dados para receber a informa\u00e7\u00e3o solicitada<\/span><\/label><\/p>\n<p style=\"font-size: 9px; line-height: 15px;\">Respons\u00e1vel: ACL DirectPromo, SL, finalidade: Dar resposta aos pedidos de informa\u00e7\u00e3o, legitima\u00e7\u00e3o: consentimento do interessado, destinat\u00e1rios: n\u00e3o ser\u00e3o comunicados dados a terceiros, direitos: Aceder, retificar e eliminar os dados, assim como outros direitos, como explicado na, como se explica en la <a href=\"https:\/\/acl-directpromo.com\/politica-privacidad\/\" style=\"font-size: 9px; line-height: 15px;\">informa\u00e7\u00e3o adicional<\/a>.<\/p>\n<span class=\"wpcf7-form-control-wrap recaptcha\" data-name=\"recaptcha\"><span data-sitekey=\"6LdoUCEkAAAAAGsAdQPjkeCX4fwv8-L392pti84m\" data-size=\"compact\" class=\"wpcf7-form-control g-recaptcha wpcf7-recaptcha\"><\/span>\r\n<noscript>\r\n\t<div class=\"grecaptcha-noscript\">\r\n\t\t<iframe src=\"https:\/\/www.google.com\/recaptcha\/api\/fallback?k=6LdoUCEkAAAAAGsAdQPjkeCX4fwv8-L392pti84m\" frameborder=\"0\" scrolling=\"no\" width=\"310\" height=\"430\">\r\n\t\t<\/iframe>\r\n\t\t<textarea name=\"g-recaptcha-response\" rows=\"3\" cols=\"40\" placeholder=\"reCaptcha Response Here\">\r\n\t\t<\/textarea>\r\n\t<\/div>\r\n<\/noscript>\r\n<\/span>\n<\/div>\n<div class=\"vc_col-sm-4 \">\n<div style=\"\" class=\"vc_col-sm-12\">\n<p>* Campos obrigat\u00f3rios<\/p>\n<\/div>\n<div style=\"\" class=\"vc_col-sm-12 fila-enviar\">\n            <input type=\"submit\" value=\"Enviar\" class=\"wpcf7-form-control has-spinner wpcf7-submit\" \/>\n        <\/div>\n<\/div>\n<\/div>\n<div class=\"wpcf7-response-output\" aria-hidden=\"true\"><\/div><\/form><\/div>[\/vc_column_inner][\/vc_row_inner]<div class=\"ult-spacer spacer-69d04956101b0\" data-id=\"69d04956101b0\" data-height=\"60\" data-height-mobile=\"60\" data-height-tab=\"60\" data-height-tab-portrait=\"\" data-height-mobile-landscape=\"\" style=\"clear:both;display:block;\"><\/div>[\/vc_column][\/vc_row]<\/p>\n<\/div>","protected":false},"excerpt":{"rendered":"<p>[vc_row full_width=&#8221;stretch_row&#8221; gap=&#8221;35&#8243; equal_height=&#8221;yes&#8221; content_placement=&#8221;bottom&#8221; el_class=&#8221;banner-header banner-pagina-blog&#8221;][vc_column][vc_row_inner content_placement=&#8221;middle&#8221;][vc_column_inner width=&#8221;1\/3&#8243;][vc_column_text el_class=&#8221;texto-59px texto-noto titulo-banner&#8221;] O Nosso blogue [\/vc_column_text][\/vc_column_inner][vc_column_inner width=&#8221;2\/3&#8243;][vc_single_image image=&#8221;1227&#8243; img_size=&#8221;full&#8221; alignment=&#8221;right&#8221;][\/vc_column_inner][\/vc_row_inner][\/vc_column][\/vc_row][vc_row][vc_column][\/vc_column][\/vc_row][vc_row content_placement=&#8221;top&#8221; el_class=&#8221;order-responsive fila-blog-dos-columnas&#8221;][vc_column width=&#8221;3\/4&#8243; el_class=&#8221;order-1&#8243;][vc_column_text][\/vc_column_text][\/vc_column][vc_column width=&#8221;1\/4&#8243; el_class=&#8221;order-0&#8243;][vc_widget_sidebar sidebar_id=&#8221;sidebar_blog&#8221;][\/vc_column][\/vc_row][vc_row][vc_column][\/vc_column][\/vc_row][vc_row full_width=&#8221;stretch_row&#8221; el_class=&#8221;fila-formulario&#8221; el_id=&#8221;contacto&#8221;][vc_column][vc_row_inner css=&#8221;.vc_custom_1658393026605{background-color: #333333 !important;}&#8221;][vc_column_inner][vc_column_text el_class=&#8221;color-blanco titulo-combinado&#8221;] Arrancamos? [\/vc_column_text][vc_column_text el_class=&#8221;color-blanco&#8221;] Preencha este formul\u00e1rio e teremos o prazer de entrar em contacto consigo e come\u00e7ar a arrancar [&hellip;]<\/p>\n","protected":false},"author":4,"featured_media":0,"parent":0,"menu_order":0,"comment_status":"closed","ping_status":"closed","template":"","meta":{"footnotes":""},"yoast_head":"<!-- This site is optimized with the Yoast SEO plugin v21.3 - https:\/\/yoast.com\/wordpress\/plugins\/seo\/ -->\n<title>Blogue - ACL Direct Promo<\/title>\n<meta name=\"description\" content=\"L\u00edderes en Marketing Relacional y Fidelizaci\u00f3n de Clientes. Forjamos relaciones duraderas con tus clientes.\" \/>\n<meta name=\"robots\" content=\"index, follow, max-snippet:-1, max-image-preview:large, max-video-preview:-1\" \/>\n<link rel=\"canonical\" href=\"https:\/\/acl-directpromo.com\/pt-pt\/blogue\/\" \/>\n<meta property=\"og:locale\" content=\"pt_PT\" \/>\n<meta property=\"og:type\" content=\"article\" \/>\n<meta property=\"og:title\" content=\"Blogue - ACL Direct Promo\" \/>\n<meta property=\"og:description\" content=\"L\u00edderes en Marketing Relacional y Fidelizaci\u00f3n de Clientes. Forjamos relaciones duraderas con tus clientes.\" \/>\n<meta property=\"og:url\" content=\"https:\/\/acl-directpromo.com\/pt-pt\/blogue\/\" \/>\n<meta property=\"og:site_name\" content=\"ACL Direct Promo\" \/>\n<meta property=\"article:modified_time\" content=\"2023-10-03T08:35:25+00:00\" \/>\n<meta name=\"twitter:card\" content=\"summary_large_image\" \/>\n<meta name=\"twitter:label1\" content=\"Tempo estimado de leitura\" \/>\n\t<meta name=\"twitter:data1\" content=\"1 minuto\" \/>\n<!-- \/ Yoast SEO plugin. -->","yoast_head_json":{"title":"Blogue - ACL Direct Promo","description":"L\u00edderes en Marketing Relacional y Fidelizaci\u00f3n de Clientes. Forjamos relaciones duraderas con tus clientes.","robots":{"index":"index","follow":"follow","max-snippet":"max-snippet:-1","max-image-preview":"max-image-preview:large","max-video-preview":"max-video-preview:-1"},"canonical":"https:\/\/acl-directpromo.com\/pt-pt\/blogue\/","og_locale":"pt_PT","og_type":"article","og_title":"Blogue - ACL Direct Promo","og_description":"L\u00edderes en Marketing Relacional y Fidelizaci\u00f3n de Clientes. Forjamos relaciones duraderas con tus clientes.","og_url":"https:\/\/acl-directpromo.com\/pt-pt\/blogue\/","og_site_name":"ACL Direct Promo","article_modified_time":"2023-10-03T08:35:25+00:00","twitter_card":"summary_large_image","twitter_misc":{"Tempo estimado de leitura":"1 minuto"},"schema":{"@context":"https:\/\/schema.org","@graph":[{"@type":"WebPage","@id":"https:\/\/acl-directpromo.com\/pt-pt\/blogue\/","url":"https:\/\/acl-directpromo.com\/pt-pt\/blogue\/","name":"Blogue - ACL Direct Promo","isPartOf":{"@id":"https:\/\/acl-directpromo.com\/#website"},"datePublished":"2023-03-20T07:58:23+00:00","dateModified":"2023-10-03T08:35:25+00:00","description":"L\u00edderes en Marketing Relacional y Fidelizaci\u00f3n de Clientes. Forjamos relaciones duraderas con tus clientes.","inLanguage":"pt-PT","potentialAction":[{"@type":"ReadAction","target":["https:\/\/acl-directpromo.com\/pt-pt\/blogue\/"]}]},{"@type":"WebSite","@id":"https:\/\/acl-directpromo.com\/#website","url":"https:\/\/acl-directpromo.com\/","name":"Programas de Fidelizaci\u00f3n e Incentivos - ACL Direct Promo","description":"Programas de Fidelizaci\u00f3n e Incentivos","publisher":{"@id":"https:\/\/acl-directpromo.com\/#organization"},"potentialAction":[{"@type":"SearchAction","target":{"@type":"EntryPoint","urlTemplate":"https:\/\/acl-directpromo.com\/?s={search_term_string}"},"query-input":"required name=search_term_string"}],"inLanguage":"pt-PT"},{"@type":"Organization","@id":"https:\/\/acl-directpromo.com\/#organization","name":"ACL Direct Promo","url":"https:\/\/acl-directpromo.com\/","logo":{"@type":"ImageObject","inLanguage":"pt-PT","@id":"https:\/\/acl-directpromo.com\/#\/schema\/logo\/image\/","url":"https:\/\/acl-directpromo.com\/wp-content\/uploads\/2023\/11\/ACL-Logo_horizontal_-GRANATE-1.png","contentUrl":"https:\/\/acl-directpromo.com\/wp-content\/uploads\/2023\/11\/ACL-Logo_horizontal_-GRANATE-1.png","width":478,"height":402,"caption":"ACL Direct Promo"},"image":{"@id":"https:\/\/acl-directpromo.com\/#\/schema\/logo\/image\/"}}]}},"_links":{"self":[{"href":"https:\/\/acl-directpromo.com\/pt-pt\/wp-json\/wp\/v2\/pages\/1294"}],"collection":[{"href":"https:\/\/acl-directpromo.com\/pt-pt\/wp-json\/wp\/v2\/pages"}],"about":[{"href":"https:\/\/acl-directpromo.com\/pt-pt\/wp-json\/wp\/v2\/types\/page"}],"author":[{"embeddable":true,"href":"https:\/\/acl-directpromo.com\/pt-pt\/wp-json\/wp\/v2\/users\/4"}],"replies":[{"embeddable":true,"href":"https:\/\/acl-directpromo.com\/pt-pt\/wp-json\/wp\/v2\/comments?post=1294"}],"version-history":[{"count":4,"href":"https:\/\/acl-directpromo.com\/pt-pt\/wp-json\/wp\/v2\/pages\/1294\/revisions"}],"predecessor-version":[{"id":1315,"href":"https:\/\/acl-directpromo.com\/pt-pt\/wp-json\/wp\/v2\/pages\/1294\/revisions\/1315"}],"wp:attachment":[{"href":"https:\/\/acl-directpromo.com\/pt-pt\/wp-json\/wp\/v2\/media?parent=1294"}],"curies":[{"name":"wp","href":"https:\/\/api.w.org\/{rel}","templated":true}]}}