{"id":1306,"date":"2022-09-06T08:22:33","date_gmt":"2022-09-06T08:22:33","guid":{"rendered":"https:\/\/acl-directpromo.com\/politica-de-cookies\/"},"modified":"2023-10-03T07:15:17","modified_gmt":"2023-10-03T07:15:17","slug":"politica-de-cookies","status":"publish","type":"page","link":"https:\/\/acl-directpromo.com\/pt-pt\/politica-de-cookies\/","title":{"rendered":"Pol\u00edtica de Cookies"},"content":{"rendered":"<div class=\"wpb-content-wrapper\"><p>[vc_row][vc_column]<div class=\"ult-spacer spacer-6a01e860d76e8\" data-id=\"6a01e860d76e8\" data-height=\"150\" data-height-mobile=\"80\" data-height-tab=\"\" data-height-tab-portrait=\"\" data-height-mobile-landscape=\"50\" style=\"clear:both;display:block;\"><\/div>[vc_custom_heading text=&#8221;Pol\u00edtica de Cookies&#8221; font_container=&#8221;tag:h1|text_align:center&#8221; use_theme_fonts=&#8221;yes&#8221; el_class=&#8221;primary-color&#8221;]<div class=\"ult-spacer spacer-6a01e860d7747\" data-id=\"6a01e860d7747\" data-height=\"50\" data-height-mobile=\"50\" data-height-tab=\"50\" data-height-tab-portrait=\"\" data-height-mobile-landscape=\"\" style=\"clear:both;display:block;\"><\/div>[\/vc_column][\/vc_row][vc_row][vc_column][vc_column_text]Este s\u00edtio web pode utilizar cookies t\u00e9cnicos (pequenos ficheiros de informa\u00e7\u00e3o que o servidor envia ao computador de quem acede \u00e0 p\u00e1gina) para levar a cabo determinadas fun\u00e7\u00f5es que s\u00e3o consideradas imprescind\u00edveis para o correto funcionamento e visualiza\u00e7\u00e3o do s\u00edtio. Os cookies utilizados t\u00eam, em qualquer caso, car\u00e1ter tempor\u00e1rio, com a \u00fanica finalidade de tornar mais eficaz navega\u00e7\u00e3o e desaparecem ao terminar a sess\u00e3o do utilizador. Em caso algum estes cookies proporcionam por si mesmos dados de car\u00e1ter pessoal e n\u00e3o ser\u00e3o utilizados para a recolha dos mesmos.<\/p>\n<p>Mediante o uso de cookies tamb\u00e9m \u00e9 poss\u00edvel que o servidor onde se encontra a p\u00e1gina web reconhe\u00e7a o navegador utilizado pelo utilizador com a finalidade de que a navega\u00e7\u00e3o seja mais f\u00e1cil, permitindo, por exemplo, o acesso dos utilizadores que se tenham registado previamente \u00e0s \u00e1reas, servi\u00e7os, promo\u00e7\u00f5es ou concursos reservados exclusivamente a eles, sem terem que registar-se em cada visita. Tamb\u00e9m se podem utilizar para medir a audi\u00eancia, par\u00e2metros de tr\u00e1fego, controlar o progresso e n\u00famero de entradas, etc., sendo nestes casos cookies prescind\u00edveis tecnicamente, mas ben\u00e9ficas para o utilizador. Este s\u00edtio web n\u00e3o instalar\u00e1 cookies prescind\u00edveis sem o consentimento pr\u00e9vio do utilizador.<\/p>\n<p>O utilizador tem a possibilidade de configurar o seu navegador para ser alertado da recep\u00e7\u00e3o de cookies e para impedir a sua instala\u00e7\u00e3o no seu equipamento. Por favor, consulte as instru\u00e7\u00f5es do seu navegador para ampliar esta informa\u00e7\u00e3o.[\/vc_column_text][vc_column_text]<strong>Respons\u00e1vel pelo tratamento:<\/strong><\/p>\n<p>ACL DIRECT PROMO, SL, CIF: B60399318, Barcelona, Passatge Teodor Llorente, 53, 08206, Sabadell<\/p>\n<p><a href=\"mailto:acl@acl-directpromo.com\">acl@acl-directpromo.com<\/a><\/p>\n<p>&nbsp;<\/p>\n<p><strong>Finalidades do tratamento:<\/strong><\/p>\n<p>Realizar an\u00e1lise e estudos estat\u00edsticos.<\/p>\n<p>&nbsp;<\/p>\n<p><strong>Base jur\u00eddica do tratamento:<\/strong><\/p>\n<p>Consentimento do interessado.<\/p>\n<p>&nbsp;<\/p>\n<p><strong>Conserva\u00e7\u00e3o dos dados:<\/strong><\/p>\n<p>Alguns dos cookies utilizados neste s\u00edtio web guardar\u00e3o os seus dados enquanto continuar com a sess\u00e3o aberta. Por outro lado, os dados extra\u00eddos por cookies de terceiros ser\u00e3o armazenados durante 3 anos.<\/p>\n<p>&nbsp;<\/p>\n<p><strong>Destinat\u00e1rios:<\/strong><\/p>\n<p>Os dados extra\u00eddos com cookies n\u00e3o ser\u00e3o comunicados a nenhum terceiro, nem ser\u00e3o objeto de transfer\u00eancias internacionais de dados.<\/p>\n<p>&nbsp;<\/p>\n<p><strong>Direitos que assistem ao utilizador:<\/strong><\/p>\n<p>Acesso, retifica\u00e7\u00e3o, portabilidade e elimina\u00e7\u00e3o dos seus dados e \u00e0 limita\u00e7\u00e3o ou oposi\u00e7\u00e3o ao seu tratamento, a retirar o consentimento em qualquer momento e a apresentar uma reclama\u00e7\u00e3o perante a autoridade de controlo (www.aepd.es) se considerar que o tratamento n\u00e3o se ajusta \u00e0 normativa vigente.<\/p>\n<p>&nbsp;<\/p>\n<p><strong>Dados de contacto para exercer os seus direitos:<\/strong><\/p>\n<p>Barcelona: Passatge Teodor Llorente, 53, 08206, Sabadell &#8211; Barcelona<\/p>\n<p>Madrid: C\/ Javier Ferrero, 8 1\u00baC, 28002, Madrid<\/p>\n<p><a href=\"mailto:acl@acl-directpromo.com\">acl@acl-directpromo.com<\/a><\/p>\n<p>&nbsp;<\/p>\n<h2><strong>Legisla\u00e7\u00e3o aplic\u00e1vel e jurisdi\u00e7\u00e3o<\/strong><\/h2>\n<p>&nbsp;<\/p>\n<p>A rela\u00e7\u00e3o entre a ACL DIRECT PROMO, SL e o utilizador ser\u00e1 regida pela normativa espanhola vigente em cada momento e qualquer disputa ser\u00e1 submetida aos Julgados e Tribunais da cidade de Barcelona.<\/p>\n<p>Setembro de 2018[\/vc_column_text][\/vc_column][\/vc_row]<\/p>\n<\/div>","protected":false},"excerpt":{"rendered":"<p>[vc_row][vc_column][vc_custom_heading text=&#8221;Pol\u00edtica de Cookies&#8221; font_container=&#8221;tag:h1|text_align:center&#8221; use_theme_fonts=&#8221;yes&#8221; el_class=&#8221;primary-color&#8221;][\/vc_column][\/vc_row][vc_row][vc_column][vc_column_text]Este s\u00edtio web pode utilizar cookies t\u00e9cnicos (pequenos ficheiros de informa\u00e7\u00e3o que o servidor envia ao computador de quem acede \u00e0 p\u00e1gina) para levar a cabo determinadas fun\u00e7\u00f5es que s\u00e3o consideradas imprescind\u00edveis para o correto funcionamento e visualiza\u00e7\u00e3o do s\u00edtio. Os cookies utilizados t\u00eam, em qualquer caso, car\u00e1ter tempor\u00e1rio, [&hellip;]<\/p>\n","protected":false},"author":4,"featured_media":0,"parent":0,"menu_order":0,"comment_status":"closed","ping_status":"closed","template":"","meta":{"footnotes":""},"yoast_head":"<!-- This site is optimized with the Yoast SEO plugin v21.3 - https:\/\/yoast.com\/wordpress\/plugins\/seo\/ -->\n<title>Pol\u00edtica de Cookies - ACL Direct Promo<\/title>\n<meta name=\"robots\" content=\"index, follow, max-snippet:-1, max-image-preview:large, max-video-preview:-1\" \/>\n<link rel=\"canonical\" href=\"https:\/\/acl-directpromo.com\/pt-pt\/politica-de-cookies\/\" \/>\n<meta property=\"og:locale\" content=\"pt_PT\" \/>\n<meta property=\"og:type\" content=\"article\" \/>\n<meta property=\"og:title\" content=\"Pol\u00edtica de Cookies - ACL Direct Promo\" \/>\n<meta property=\"og:description\" content=\"[vc_row][vc_column][vc_custom_heading text=&#8221;Pol\u00edtica de Cookies&#8221; font_container=&#8221;tag:h1|text_align:center&#8221; use_theme_fonts=&#8221;yes&#8221; el_class=&#8221;primary-color&#8221;][\/vc_column][\/vc_row][vc_row][vc_column][vc_column_text]Este s\u00edtio web pode utilizar cookies t\u00e9cnicos (pequenos ficheiros de informa\u00e7\u00e3o que o servidor envia ao computador de quem acede \u00e0 p\u00e1gina) para levar a cabo determinadas fun\u00e7\u00f5es que s\u00e3o consideradas imprescind\u00edveis para o correto funcionamento e visualiza\u00e7\u00e3o do s\u00edtio. Os cookies utilizados t\u00eam, em qualquer caso, car\u00e1ter tempor\u00e1rio, [&hellip;]\" \/>\n<meta property=\"og:url\" content=\"https:\/\/acl-directpromo.com\/pt-pt\/politica-de-cookies\/\" \/>\n<meta property=\"og:site_name\" content=\"ACL Direct Promo\" \/>\n<meta property=\"article:modified_time\" content=\"2023-10-03T07:15:17+00:00\" \/>\n<meta name=\"twitter:card\" content=\"summary_large_image\" \/>\n<meta name=\"twitter:label1\" content=\"Tempo estimado de leitura\" \/>\n\t<meta name=\"twitter:data1\" content=\"3 minutos\" \/>\n<!-- \/ Yoast SEO plugin. -->","yoast_head_json":{"title":"Pol\u00edtica de Cookies - ACL Direct Promo","robots":{"index":"index","follow":"follow","max-snippet":"max-snippet:-1","max-image-preview":"max-image-preview:large","max-video-preview":"max-video-preview:-1"},"canonical":"https:\/\/acl-directpromo.com\/pt-pt\/politica-de-cookies\/","og_locale":"pt_PT","og_type":"article","og_title":"Pol\u00edtica de Cookies - ACL Direct Promo","og_description":"[vc_row][vc_column][vc_custom_heading text=&#8221;Pol\u00edtica de Cookies&#8221; font_container=&#8221;tag:h1|text_align:center&#8221; use_theme_fonts=&#8221;yes&#8221; el_class=&#8221;primary-color&#8221;][\/vc_column][\/vc_row][vc_row][vc_column][vc_column_text]Este s\u00edtio web pode utilizar cookies t\u00e9cnicos (pequenos ficheiros de informa\u00e7\u00e3o que o servidor envia ao computador de quem acede \u00e0 p\u00e1gina) para levar a cabo determinadas fun\u00e7\u00f5es que s\u00e3o consideradas imprescind\u00edveis para o correto funcionamento e visualiza\u00e7\u00e3o do s\u00edtio. Os cookies utilizados t\u00eam, em qualquer caso, car\u00e1ter tempor\u00e1rio, [&hellip;]","og_url":"https:\/\/acl-directpromo.com\/pt-pt\/politica-de-cookies\/","og_site_name":"ACL Direct Promo","article_modified_time":"2023-10-03T07:15:17+00:00","twitter_card":"summary_large_image","twitter_misc":{"Tempo estimado de leitura":"3 minutos"},"schema":{"@context":"https:\/\/schema.org","@graph":[{"@type":"WebPage","@id":"https:\/\/acl-directpromo.com\/pt-pt\/politica-de-cookies\/","url":"https:\/\/acl-directpromo.com\/pt-pt\/politica-de-cookies\/","name":"Pol\u00edtica de Cookies - ACL Direct Promo","isPartOf":{"@id":"https:\/\/acl-directpromo.com\/#website"},"datePublished":"2022-09-06T08:22:33+00:00","dateModified":"2023-10-03T07:15:17+00:00","inLanguage":"pt-PT","potentialAction":[{"@type":"ReadAction","target":["https:\/\/acl-directpromo.com\/pt-pt\/politica-de-cookies\/"]}]},{"@type":"WebSite","@id":"https:\/\/acl-directpromo.com\/#website","url":"https:\/\/acl-directpromo.com\/","name":"Programas de Fidelizaci\u00f3n e Incentivos - ACL Direct Promo","description":"Programas de Fidelizaci\u00f3n e Incentivos","publisher":{"@id":"https:\/\/acl-directpromo.com\/#organization"},"potentialAction":[{"@type":"SearchAction","target":{"@type":"EntryPoint","urlTemplate":"https:\/\/acl-directpromo.com\/?s={search_term_string}"},"query-input":"required name=search_term_string"}],"inLanguage":"pt-PT"},{"@type":"Organization","@id":"https:\/\/acl-directpromo.com\/#organization","name":"ACL Direct Promo","url":"https:\/\/acl-directpromo.com\/","logo":{"@type":"ImageObject","inLanguage":"pt-PT","@id":"https:\/\/acl-directpromo.com\/#\/schema\/logo\/image\/","url":"https:\/\/acl-directpromo.com\/wp-content\/uploads\/2023\/11\/ACL-Logo_horizontal_-GRANATE-1.png","contentUrl":"https:\/\/acl-directpromo.com\/wp-content\/uploads\/2023\/11\/ACL-Logo_horizontal_-GRANATE-1.png","width":478,"height":402,"caption":"ACL Direct Promo"},"image":{"@id":"https:\/\/acl-directpromo.com\/#\/schema\/logo\/image\/"}}]}},"_links":{"self":[{"href":"https:\/\/acl-directpromo.com\/pt-pt\/wp-json\/wp\/v2\/pages\/1306"}],"collection":[{"href":"https:\/\/acl-directpromo.com\/pt-pt\/wp-json\/wp\/v2\/pages"}],"about":[{"href":"https:\/\/acl-directpromo.com\/pt-pt\/wp-json\/wp\/v2\/types\/page"}],"author":[{"embeddable":true,"href":"https:\/\/acl-directpromo.com\/pt-pt\/wp-json\/wp\/v2\/users\/4"}],"replies":[{"embeddable":true,"href":"https:\/\/acl-directpromo.com\/pt-pt\/wp-json\/wp\/v2\/comments?post=1306"}],"version-history":[{"count":2,"href":"https:\/\/acl-directpromo.com\/pt-pt\/wp-json\/wp\/v2\/pages\/1306\/revisions"}],"predecessor-version":[{"id":1308,"href":"https:\/\/acl-directpromo.com\/pt-pt\/wp-json\/wp\/v2\/pages\/1306\/revisions\/1308"}],"wp:attachment":[{"href":"https:\/\/acl-directpromo.com\/pt-pt\/wp-json\/wp\/v2\/media?parent=1306"}],"curies":[{"name":"wp","href":"https:\/\/api.w.org\/{rel}","templated":true}]}}