{"id":1309,"date":"2023-06-06T15:57:26","date_gmt":"2023-06-06T15:57:26","guid":{"rendered":"https:\/\/acl-directpromo.com\/politica-de-calidad\/"},"modified":"2023-10-03T07:18:23","modified_gmt":"2023-10-03T07:18:23","slug":"politica-de-qualidade","status":"publish","type":"page","link":"https:\/\/acl-directpromo.com\/pt-pt\/politica-de-qualidade\/","title":{"rendered":"Pol\u00edtica de Qualidade"},"content":{"rendered":"<div class=\"wpb-content-wrapper\"><p>[vc_row][vc_column]<div class=\"ult-spacer spacer-69f376aeeedae\" data-id=\"69f376aeeedae\" data-height=\"150\" data-height-mobile=\"80\" data-height-tab=\"\" data-height-tab-portrait=\"\" data-height-mobile-landscape=\"50\" style=\"clear:both;display:block;\"><\/div>[vc_custom_heading text=&#8221;Pol\u00edtica de Qualidade&#8221; font_container=&#8221;tag:h1|text_align:center&#8221; use_theme_fonts=&#8221;yes&#8221; el_class=&#8221;primary-color&#8221;]<div class=\"ult-spacer spacer-69f376aeeee18\" data-id=\"69f376aeeee18\" data-height=\"50\" data-height-mobile=\"50\" data-height-tab=\"50\" data-height-tab-portrait=\"\" data-height-mobile-landscape=\"\" style=\"clear:both;display:block;\"><\/div>[\/vc_column][\/vc_row][vc_row][vc_column][vc_column_text]A ACL DIRECTPROMO, \u00e9 uma empresa dedicada \u00e0 gest\u00e3o de promo\u00e7\u00f5es de incentivos \u00e0s vendas por conta dos seus clientes.<\/p>\n<p>Desde a sua primeira funda\u00e7\u00e3o est\u00e1 absolutamente comprometida com a Qualidade do Servi\u00e7o como eixo estrutural da sua estrat\u00e9gia como empresa.<\/p>\n<p>A pol\u00edtica da ACL em rela\u00e7\u00e3o \u00e0 qualidade \u00e9 a de realizar os seus servi\u00e7os de acordo com os requisitos e necessidades dos clientes, assim como com os requisitos legais e regulamentares e qualquer outro que se subscreva. N\u00e3o se considera aceit\u00e1vel na ACL nenhum compromisso que possa afetar estes princ\u00edpios.<\/p>\n<p>A ACL tomando como modelo para o seu sistema de Gest\u00e3o da Qualidade a Norma UNE EN ISO 9001, utiliza a an\u00e1lise permanente de resultados para conseguir uma melhoria cont\u00ednua no m\u00e9todo de gest\u00e3o. Para isso, estabelece e d\u00e1 a conhecer objetivos e metas que s\u00e3o analisados como ferramenta permanente para a revis\u00e3o do sistema.<\/p>\n<p>A Dire\u00e7\u00e3o da ACL fomenta e promove a coopera\u00e7\u00e3o e o respeito pelos clientes, empregados, colaboradores e fornecedores, assim como pelos representantes das administra\u00e7\u00f5es p\u00fablicas.<\/p>\n<p>Para tal, a Dire\u00e7\u00e3o da ACL compromete-se a fornecer os recursos necess\u00e1rios para o desenvolvimento e melhoria cont\u00ednua do Sistema de Gest\u00e3o da Qualidade de forma que se integre completamente nas suas atividades de curto, m\u00e9dio e longo prazo.[\/vc_column_text][\/vc_column][\/vc_row]<\/p>\n<\/div>","protected":false},"excerpt":{"rendered":"<p>[vc_row][vc_column][vc_custom_heading text=&#8221;Pol\u00edtica de Qualidade&#8221; font_container=&#8221;tag:h1|text_align:center&#8221; use_theme_fonts=&#8221;yes&#8221; el_class=&#8221;primary-color&#8221;][\/vc_column][\/vc_row][vc_row][vc_column][vc_column_text]A ACL DIRECTPROMO, \u00e9 uma empresa dedicada \u00e0 gest\u00e3o de promo\u00e7\u00f5es de incentivos \u00e0s vendas por conta dos seus clientes. Desde a sua primeira funda\u00e7\u00e3o est\u00e1 absolutamente comprometida com a Qualidade do Servi\u00e7o como eixo estrutural da sua estrat\u00e9gia como empresa. A pol\u00edtica da ACL em rela\u00e7\u00e3o \u00e0 qualidade [&hellip;]<\/p>\n","protected":false},"author":4,"featured_media":0,"parent":0,"menu_order":0,"comment_status":"closed","ping_status":"closed","template":"","meta":{"footnotes":""},"yoast_head":"<!-- This site is optimized with the Yoast SEO plugin v21.3 - https:\/\/yoast.com\/wordpress\/plugins\/seo\/ -->\n<title>Pol\u00edtica de Qualidade - ACL Direct Promo<\/title>\n<meta name=\"robots\" content=\"index, follow, max-snippet:-1, max-image-preview:large, max-video-preview:-1\" \/>\n<link rel=\"canonical\" href=\"https:\/\/acl-directpromo.com\/pt-pt\/politica-de-qualidade\/\" \/>\n<meta property=\"og:locale\" content=\"pt_PT\" \/>\n<meta property=\"og:type\" content=\"article\" \/>\n<meta property=\"og:title\" content=\"Pol\u00edtica de Qualidade - ACL Direct Promo\" \/>\n<meta property=\"og:description\" content=\"[vc_row][vc_column][vc_custom_heading text=&#8221;Pol\u00edtica de Qualidade&#8221; font_container=&#8221;tag:h1|text_align:center&#8221; use_theme_fonts=&#8221;yes&#8221; el_class=&#8221;primary-color&#8221;][\/vc_column][\/vc_row][vc_row][vc_column][vc_column_text]A ACL DIRECTPROMO, \u00e9 uma empresa dedicada \u00e0 gest\u00e3o de promo\u00e7\u00f5es de incentivos \u00e0s vendas por conta dos seus clientes. Desde a sua primeira funda\u00e7\u00e3o est\u00e1 absolutamente comprometida com a Qualidade do Servi\u00e7o como eixo estrutural da sua estrat\u00e9gia como empresa. A pol\u00edtica da ACL em rela\u00e7\u00e3o \u00e0 qualidade [&hellip;]\" \/>\n<meta property=\"og:url\" content=\"https:\/\/acl-directpromo.com\/pt-pt\/politica-de-qualidade\/\" \/>\n<meta property=\"og:site_name\" content=\"ACL Direct Promo\" \/>\n<meta property=\"article:modified_time\" content=\"2023-10-03T07:18:23+00:00\" \/>\n<meta name=\"twitter:card\" content=\"summary_large_image\" \/>\n<meta name=\"twitter:label1\" content=\"Tempo estimado de leitura\" \/>\n\t<meta name=\"twitter:data1\" content=\"2 minutos\" \/>\n<!-- \/ Yoast SEO plugin. -->","yoast_head_json":{"title":"Pol\u00edtica de Qualidade - ACL Direct Promo","robots":{"index":"index","follow":"follow","max-snippet":"max-snippet:-1","max-image-preview":"max-image-preview:large","max-video-preview":"max-video-preview:-1"},"canonical":"https:\/\/acl-directpromo.com\/pt-pt\/politica-de-qualidade\/","og_locale":"pt_PT","og_type":"article","og_title":"Pol\u00edtica de Qualidade - ACL Direct Promo","og_description":"[vc_row][vc_column][vc_custom_heading text=&#8221;Pol\u00edtica de Qualidade&#8221; font_container=&#8221;tag:h1|text_align:center&#8221; use_theme_fonts=&#8221;yes&#8221; el_class=&#8221;primary-color&#8221;][\/vc_column][\/vc_row][vc_row][vc_column][vc_column_text]A ACL DIRECTPROMO, \u00e9 uma empresa dedicada \u00e0 gest\u00e3o de promo\u00e7\u00f5es de incentivos \u00e0s vendas por conta dos seus clientes. Desde a sua primeira funda\u00e7\u00e3o est\u00e1 absolutamente comprometida com a Qualidade do Servi\u00e7o como eixo estrutural da sua estrat\u00e9gia como empresa. A pol\u00edtica da ACL em rela\u00e7\u00e3o \u00e0 qualidade [&hellip;]","og_url":"https:\/\/acl-directpromo.com\/pt-pt\/politica-de-qualidade\/","og_site_name":"ACL Direct Promo","article_modified_time":"2023-10-03T07:18:23+00:00","twitter_card":"summary_large_image","twitter_misc":{"Tempo estimado de leitura":"2 minutos"},"schema":{"@context":"https:\/\/schema.org","@graph":[{"@type":"WebPage","@id":"https:\/\/acl-directpromo.com\/pt-pt\/politica-de-qualidade\/","url":"https:\/\/acl-directpromo.com\/pt-pt\/politica-de-qualidade\/","name":"Pol\u00edtica de Qualidade - ACL Direct Promo","isPartOf":{"@id":"https:\/\/acl-directpromo.com\/#website"},"datePublished":"2023-06-06T15:57:26+00:00","dateModified":"2023-10-03T07:18:23+00:00","inLanguage":"pt-PT","potentialAction":[{"@type":"ReadAction","target":["https:\/\/acl-directpromo.com\/pt-pt\/politica-de-qualidade\/"]}]},{"@type":"WebSite","@id":"https:\/\/acl-directpromo.com\/#website","url":"https:\/\/acl-directpromo.com\/","name":"Programas de Fidelizaci\u00f3n e Incentivos - ACL Direct Promo","description":"Programas de Fidelizaci\u00f3n e Incentivos","publisher":{"@id":"https:\/\/acl-directpromo.com\/#organization"},"potentialAction":[{"@type":"SearchAction","target":{"@type":"EntryPoint","urlTemplate":"https:\/\/acl-directpromo.com\/?s={search_term_string}"},"query-input":"required name=search_term_string"}],"inLanguage":"pt-PT"},{"@type":"Organization","@id":"https:\/\/acl-directpromo.com\/#organization","name":"ACL Direct Promo","url":"https:\/\/acl-directpromo.com\/","logo":{"@type":"ImageObject","inLanguage":"pt-PT","@id":"https:\/\/acl-directpromo.com\/#\/schema\/logo\/image\/","url":"https:\/\/acl-directpromo.com\/wp-content\/uploads\/2023\/11\/ACL-Logo_horizontal_-GRANATE-1.png","contentUrl":"https:\/\/acl-directpromo.com\/wp-content\/uploads\/2023\/11\/ACL-Logo_horizontal_-GRANATE-1.png","width":478,"height":402,"caption":"ACL Direct Promo"},"image":{"@id":"https:\/\/acl-directpromo.com\/#\/schema\/logo\/image\/"}}]}},"_links":{"self":[{"href":"https:\/\/acl-directpromo.com\/pt-pt\/wp-json\/wp\/v2\/pages\/1309"}],"collection":[{"href":"https:\/\/acl-directpromo.com\/pt-pt\/wp-json\/wp\/v2\/pages"}],"about":[{"href":"https:\/\/acl-directpromo.com\/pt-pt\/wp-json\/wp\/v2\/types\/page"}],"author":[{"embeddable":true,"href":"https:\/\/acl-directpromo.com\/pt-pt\/wp-json\/wp\/v2\/users\/4"}],"replies":[{"embeddable":true,"href":"https:\/\/acl-directpromo.com\/pt-pt\/wp-json\/wp\/v2\/comments?post=1309"}],"version-history":[{"count":2,"href":"https:\/\/acl-directpromo.com\/pt-pt\/wp-json\/wp\/v2\/pages\/1309\/revisions"}],"predecessor-version":[{"id":1311,"href":"https:\/\/acl-directpromo.com\/pt-pt\/wp-json\/wp\/v2\/pages\/1309\/revisions\/1311"}],"wp:attachment":[{"href":"https:\/\/acl-directpromo.com\/pt-pt\/wp-json\/wp\/v2\/media?parent=1309"}],"curies":[{"name":"wp","href":"https:\/\/api.w.org\/{rel}","templated":true}]}}