{"id":1312,"date":"2023-06-13T09:08:13","date_gmt":"2023-06-13T09:08:13","guid":{"rendered":"https:\/\/acl-directpromo.com\/clausula-de-confianza-online\/"},"modified":"2023-10-03T07:26:44","modified_gmt":"2023-10-03T07:26:44","slug":"clausula-de-confianca-online","status":"publish","type":"page","link":"https:\/\/acl-directpromo.com\/pt-pt\/clausula-de-confianca-online\/","title":{"rendered":"Cl\u00e1usula de Confian\u00e7a Online"},"content":{"rendered":"<div class=\"wpb-content-wrapper\"><p>[vc_row][vc_column]<div class=\"ult-spacer spacer-69dcf416d4158\" data-id=\"69dcf416d4158\" data-height=\"150\" data-height-mobile=\"80\" data-height-tab=\"\" data-height-tab-portrait=\"\" data-height-mobile-landscape=\"80\" style=\"clear:both;display:block;\"><\/div>[vc_custom_heading text=&#8221;Cl\u00e1usula de Confian\u00e7a Online&#8221; font_container=&#8221;tag:h1|text_align:center&#8221; use_theme_fonts=&#8221;yes&#8221; el_class=&#8221;primary-color&#8221;]<div class=\"ult-spacer spacer-69dcf416d41b1\" data-id=\"69dcf416d41b1\" data-height=\"50\" data-height-mobile=\"50\" data-height-tab=\"50\" data-height-tab-portrait=\"\" data-height-mobile-landscape=\"\" style=\"clear:both;display:block;\"><\/div>[\/vc_column][\/vc_row][vc_row][vc_column][vc_column_text]<\/p>\n<p style=\"text-align: left;\">A nossa entidade aderiu \u00e0 Confianza Online (Associa\u00e7\u00e3o sem fins lucrativos), inscrita no Registo Nacional de Associa\u00e7\u00f5es Grupo 1, Sec\u00e7\u00e3o 1, n\u00famero nacional 594400, NIF G85804011, com sede na Carrera de San Jer\u00f3nimo, 18, 4\u00ba 1, 28014 Madrid (Espanha). Para mais informa\u00e7\u00e3o: www.confianzaonline.es.<\/p>\n<p style=\"text-align: left;\">Estas Condi\u00e7\u00f5es Gerais regem-se pela lei espanhola. Como tal, em cumprimento do disposto na Lei de Resolu\u00e7\u00e3o Alternativa de Lit\u00edgios, informamos aos consumidores que, como entidade aderente e nos termos do <a href=\"https:\/\/www.confianzaonline.es\/doc\/codigo_etico_confianzaonline.pdf\"><strong>C\u00f3digo de Conduta<\/strong><\/a>, os utilizadores poder\u00e3o recorrer \u00e0 Confianza Online para a resolu\u00e7\u00e3o alternativa de eventuais disputas (<a href=\"https:\/\/www.confianzaonline.es\/como-reclamar\/formulario-de-reclamaciones\/\">https:\/\/www.confianzaonline.es\/como-reclamar\/formulario-de-reclamaciones\/<\/a>). Se estas se referirem a transa\u00e7\u00f5es eletr\u00f3nicas com consumidores, ou sobre prote\u00e7\u00e3o de dados quando estiverem relacionadas com este \u00e2mbito, as reclama\u00e7\u00f5es ser\u00e3o resolvidas pela Comiss\u00e3o de Media\u00e7\u00e3o da Confianza Online, acreditada para a resolu\u00e7\u00e3o alternativa de lit\u00edgios em mat\u00e9ria de consumo. Se as reclama\u00e7\u00f5es forem sobre publicidade digital, ou sobre prote\u00e7\u00e3o de dados relacionada com este \u00e2mbito, ser\u00e3o submetidas ao Jurado da Publicidade de AUTOCONTROL.<\/p>\n<p style=\"text-align: left;\">Adicionalmente, recordamos que pode aceder \u00e0 plataforma de resolu\u00e7\u00e3o de lit\u00edgios da Uni\u00e3o Europeia seguindo esta hiperliga\u00e7\u00e3o: <a href=\"https:\/\/ec.europa.eu\/consumers\/odr\/main\/?event=main.home2.show\">https:\/\/ec.europa.eu\/consumers\/odr\/main\/?event=main.home2.show<\/a><\/p>\n<p>[\/vc_column_text][\/vc_column][\/vc_row][vc_row][vc_column][vc_empty_space height=&#8221;55px&#8221;][\/vc_column][\/vc_row]<\/p>\n<\/div>","protected":false},"excerpt":{"rendered":"<p>[vc_row][vc_column][vc_custom_heading text=&#8221;Cl\u00e1usula de Confian\u00e7a Online&#8221; font_container=&#8221;tag:h1|text_align:center&#8221; use_theme_fonts=&#8221;yes&#8221; el_class=&#8221;primary-color&#8221;][\/vc_column][\/vc_row][vc_row][vc_column][vc_column_text] A nossa entidade aderiu \u00e0 Confianza Online (Associa\u00e7\u00e3o sem fins lucrativos), inscrita no Registo Nacional de Associa\u00e7\u00f5es Grupo 1, Sec\u00e7\u00e3o 1, n\u00famero nacional 594400, NIF G85804011, com sede na Carrera de San Jer\u00f3nimo, 18, 4\u00ba 1, 28014 Madrid (Espanha). Para mais informa\u00e7\u00e3o: www.confianzaonline.es. Estas Condi\u00e7\u00f5es Gerais regem-se [&hellip;]<\/p>\n","protected":false},"author":4,"featured_media":0,"parent":0,"menu_order":0,"comment_status":"closed","ping_status":"closed","template":"","meta":{"footnotes":""},"yoast_head":"<!-- This site is optimized with the Yoast SEO plugin v21.3 - https:\/\/yoast.com\/wordpress\/plugins\/seo\/ -->\n<title>Cl\u00e1usula de Confian\u00e7a Online - ACL Direct Promo<\/title>\n<meta name=\"robots\" content=\"index, follow, max-snippet:-1, max-image-preview:large, max-video-preview:-1\" \/>\n<link rel=\"canonical\" href=\"https:\/\/acl-directpromo.com\/pt-pt\/clausula-de-confianca-online\/\" \/>\n<meta property=\"og:locale\" content=\"pt_PT\" \/>\n<meta property=\"og:type\" content=\"article\" \/>\n<meta property=\"og:title\" content=\"Cl\u00e1usula de Confian\u00e7a Online - ACL Direct Promo\" \/>\n<meta property=\"og:description\" content=\"[vc_row][vc_column][vc_custom_heading text=&#8221;Cl\u00e1usula de Confian\u00e7a Online&#8221; font_container=&#8221;tag:h1|text_align:center&#8221; use_theme_fonts=&#8221;yes&#8221; el_class=&#8221;primary-color&#8221;][\/vc_column][\/vc_row][vc_row][vc_column][vc_column_text] A nossa entidade aderiu \u00e0 Confianza Online (Associa\u00e7\u00e3o sem fins lucrativos), inscrita no Registo Nacional de Associa\u00e7\u00f5es Grupo 1, Sec\u00e7\u00e3o 1, n\u00famero nacional 594400, NIF G85804011, com sede na Carrera de San Jer\u00f3nimo, 18, 4\u00ba 1, 28014 Madrid (Espanha). Para mais informa\u00e7\u00e3o: www.confianzaonline.es. Estas Condi\u00e7\u00f5es Gerais regem-se [&hellip;]\" \/>\n<meta property=\"og:url\" content=\"https:\/\/acl-directpromo.com\/pt-pt\/clausula-de-confianca-online\/\" \/>\n<meta property=\"og:site_name\" content=\"ACL Direct Promo\" \/>\n<meta property=\"article:modified_time\" content=\"2023-10-03T07:26:44+00:00\" \/>\n<meta name=\"twitter:card\" content=\"summary_large_image\" \/>\n<meta name=\"twitter:label1\" content=\"Tempo estimado de leitura\" \/>\n\t<meta name=\"twitter:data1\" content=\"1 minuto\" \/>\n<!-- \/ Yoast SEO plugin. -->","yoast_head_json":{"title":"Cl\u00e1usula de Confian\u00e7a Online - ACL Direct Promo","robots":{"index":"index","follow":"follow","max-snippet":"max-snippet:-1","max-image-preview":"max-image-preview:large","max-video-preview":"max-video-preview:-1"},"canonical":"https:\/\/acl-directpromo.com\/pt-pt\/clausula-de-confianca-online\/","og_locale":"pt_PT","og_type":"article","og_title":"Cl\u00e1usula de Confian\u00e7a Online - ACL Direct Promo","og_description":"[vc_row][vc_column][vc_custom_heading text=&#8221;Cl\u00e1usula de Confian\u00e7a Online&#8221; font_container=&#8221;tag:h1|text_align:center&#8221; use_theme_fonts=&#8221;yes&#8221; el_class=&#8221;primary-color&#8221;][\/vc_column][\/vc_row][vc_row][vc_column][vc_column_text] A nossa entidade aderiu \u00e0 Confianza Online (Associa\u00e7\u00e3o sem fins lucrativos), inscrita no Registo Nacional de Associa\u00e7\u00f5es Grupo 1, Sec\u00e7\u00e3o 1, n\u00famero nacional 594400, NIF G85804011, com sede na Carrera de San Jer\u00f3nimo, 18, 4\u00ba 1, 28014 Madrid (Espanha). Para mais informa\u00e7\u00e3o: www.confianzaonline.es. Estas Condi\u00e7\u00f5es Gerais regem-se [&hellip;]","og_url":"https:\/\/acl-directpromo.com\/pt-pt\/clausula-de-confianca-online\/","og_site_name":"ACL Direct Promo","article_modified_time":"2023-10-03T07:26:44+00:00","twitter_card":"summary_large_image","twitter_misc":{"Tempo estimado de leitura":"1 minuto"},"schema":{"@context":"https:\/\/schema.org","@graph":[{"@type":"WebPage","@id":"https:\/\/acl-directpromo.com\/pt-pt\/clausula-de-confianca-online\/","url":"https:\/\/acl-directpromo.com\/pt-pt\/clausula-de-confianca-online\/","name":"Cl\u00e1usula de Confian\u00e7a Online - ACL Direct Promo","isPartOf":{"@id":"https:\/\/acl-directpromo.com\/#website"},"datePublished":"2023-06-13T09:08:13+00:00","dateModified":"2023-10-03T07:26:44+00:00","inLanguage":"pt-PT","potentialAction":[{"@type":"ReadAction","target":["https:\/\/acl-directpromo.com\/pt-pt\/clausula-de-confianca-online\/"]}]},{"@type":"WebSite","@id":"https:\/\/acl-directpromo.com\/#website","url":"https:\/\/acl-directpromo.com\/","name":"Programas de Fidelizaci\u00f3n e Incentivos - ACL Direct Promo","description":"Programas de Fidelizaci\u00f3n e Incentivos","publisher":{"@id":"https:\/\/acl-directpromo.com\/#organization"},"potentialAction":[{"@type":"SearchAction","target":{"@type":"EntryPoint","urlTemplate":"https:\/\/acl-directpromo.com\/?s={search_term_string}"},"query-input":"required name=search_term_string"}],"inLanguage":"pt-PT"},{"@type":"Organization","@id":"https:\/\/acl-directpromo.com\/#organization","name":"ACL Direct Promo","url":"https:\/\/acl-directpromo.com\/","logo":{"@type":"ImageObject","inLanguage":"pt-PT","@id":"https:\/\/acl-directpromo.com\/#\/schema\/logo\/image\/","url":"https:\/\/acl-directpromo.com\/wp-content\/uploads\/2023\/11\/ACL-Logo_horizontal_-GRANATE-1.png","contentUrl":"https:\/\/acl-directpromo.com\/wp-content\/uploads\/2023\/11\/ACL-Logo_horizontal_-GRANATE-1.png","width":478,"height":402,"caption":"ACL Direct Promo"},"image":{"@id":"https:\/\/acl-directpromo.com\/#\/schema\/logo\/image\/"}}]}},"_links":{"self":[{"href":"https:\/\/acl-directpromo.com\/pt-pt\/wp-json\/wp\/v2\/pages\/1312"}],"collection":[{"href":"https:\/\/acl-directpromo.com\/pt-pt\/wp-json\/wp\/v2\/pages"}],"about":[{"href":"https:\/\/acl-directpromo.com\/pt-pt\/wp-json\/wp\/v2\/types\/page"}],"author":[{"embeddable":true,"href":"https:\/\/acl-directpromo.com\/pt-pt\/wp-json\/wp\/v2\/users\/4"}],"replies":[{"embeddable":true,"href":"https:\/\/acl-directpromo.com\/pt-pt\/wp-json\/wp\/v2\/comments?post=1312"}],"version-history":[{"count":2,"href":"https:\/\/acl-directpromo.com\/pt-pt\/wp-json\/wp\/v2\/pages\/1312\/revisions"}],"predecessor-version":[{"id":1314,"href":"https:\/\/acl-directpromo.com\/pt-pt\/wp-json\/wp\/v2\/pages\/1312\/revisions\/1314"}],"wp:attachment":[{"href":"https:\/\/acl-directpromo.com\/pt-pt\/wp-json\/wp\/v2\/media?parent=1312"}],"curies":[{"name":"wp","href":"https:\/\/api.w.org\/{rel}","templated":true}]}}