{"id":2884,"date":"2025-03-25T12:47:14","date_gmt":"2025-03-25T12:47:14","guid":{"rendered":"https:\/\/acl-directpromo.com\/politica-de-gestion\/"},"modified":"2025-03-25T15:44:22","modified_gmt":"2025-03-25T15:44:22","slug":"politica-de-gestion","status":"publish","type":"page","link":"https:\/\/acl-directpromo.com\/pt-pt\/politica-de-gestion\/","title":{"rendered":"Pol\u00edtica de Gesti\u00f3n"},"content":{"rendered":"<div class=\"wpb-content-wrapper\"><p>[vc_row][vc_column]<div class=\"ult-spacer spacer-69da3d47bf874\" data-id=\"69da3d47bf874\" data-height=\"150\" data-height-mobile=\"80\" data-height-tab=\"\" data-height-tab-portrait=\"\" data-height-mobile-landscape=\"50\" style=\"clear:both;display:block;\"><\/div>[vc_custom_heading text=&#8221;Pol\u00edtica de Gesti\u00f3n&#8221; font_container=&#8221;tag:h1|text_align:center&#8221; use_theme_fonts=&#8221;yes&#8221; el_class=&#8221;primary-color&#8221;]<div class=\"ult-spacer spacer-69da3d47bf8d0\" data-id=\"69da3d47bf8d0\" data-height=\"50\" data-height-mobile=\"50\" data-height-tab=\"50\" data-height-tab-portrait=\"\" data-height-mobile-landscape=\"\" style=\"clear:both;display:block;\"><\/div>[\/vc_column][\/vc_row][vc_row][vc_column][vc_column_text]A ACL DIRECTPROMO \u00e9 uma empresa dedicada \u00e0 gest\u00e3o de promo\u00e7\u00f5es de incentivos realizadas pelos seus clientes (empresa promotora) com os seus distribuidores, clientes ou redes comerciais.<\/p>\n<p>Desde a sua funda\u00e7\u00e3o, est\u00e1 absolutamente comprometida com a Qualidade do Servi\u00e7o como eixo central de sua estrat\u00e9gia empresarial, bem como com a Seguran\u00e7a da Informa\u00e7\u00e3o.<\/p>\n<p>A pol\u00edtica da ACL em rela\u00e7\u00e3o \u00e0 qualidade \u00e9 realizar seus servi\u00e7os de acordo com os requisitos e necessidades dos clientes, bem como com os requisitos legais, regulamentares e quaisquer outros que venha a subscrever. Nenhum compromisso que possa afetar esses princ\u00edpios \u00e9 considerado aceit\u00e1vel na ACL.<\/p>\n<p>Utilizando como refer\u00eancia para seu Sistema de Gest\u00e3o da Qualidade e da Seguran\u00e7a da Informa\u00e7\u00e3o as Normas UNE EN ISO 9001:2015 e UNE EN ISO 27001:2023, a ACL realiza uma an\u00e1lise cont\u00ednua dos resultados para alcan\u00e7ar uma melhoria cont\u00ednua em seu m\u00e9todo de gest\u00e3o. Para isso, estabelece e divulga objetivos e metas que s\u00e3o analisados como ferramenta permanente para a revis\u00e3o do sistema.<\/p>\n<p>No que diz respeito ao sistema de gest\u00e3o da informa\u00e7\u00e3o, a dire\u00e7\u00e3o da ACL compromete-se a:<\/p>\n<ul style=\"font-size: 17px;\">\n<li><strong>Acesso<\/strong>: Nossos clientes podem acessar com seguran\u00e7a as informa\u00e7\u00f5es que geramos em seu nome ao prestar o servi\u00e7o.<\/li>\n<li><strong>Confian\u00e7a<\/strong>: Manter a confian\u00e7a com todos os nossos clientes, bem como com as demais partes envolvidas no funcionamento da entidade.<\/li>\n<li><strong>Melhoria da cultura<\/strong>: Promover e fortalecer a cultura de Seguran\u00e7a entre os colaboradores.<\/li>\n<li><strong>Continuidade dos neg\u00f3cios<\/strong>: Estabelecer um plano de a\u00e7\u00e3o diante de qualquer incidente que permita a continuidade da presta\u00e7\u00e3o dos servi\u00e7os.<\/li>\n<li><strong>Integridade<\/strong>: Trabalhamos para evitar que a informa\u00e7\u00e3o seja manipulada ou esteja incompleta. Salvaguardamos a exatid\u00e3o e a completude da informa\u00e7\u00e3o.<\/li>\n<li><strong>Confidencialidade<\/strong>: Somente pessoas autorizadas por nossos clientes podem acessar a informa\u00e7\u00e3o.<\/li>\n<li><strong>Garantia de seguran\u00e7a<\/strong>: Desenvolvemos um sistema de gest\u00e3o que incorpora permanentemente as melhores pr\u00e1ticas de seguran\u00e7a.<\/li>\n<li><strong>Conformidade com os requisitos Contratuais, Legais e Regulamentares<\/strong>.<\/li>\n<\/ul>\n<p>A Dire\u00e7\u00e3o da ACL promove e fomenta a coopera\u00e7\u00e3o e o respeito aos clientes, colaboradores, parceiros, fornecedores e representantes das administra\u00e7\u00f5es p\u00fablicas.<\/p>\n<p>Para isso, a Dire\u00e7\u00e3o da ACL compromete-se a fornecer os recursos necess\u00e1rios para o desenvolvimento e melhoria cont\u00ednua do Sistema de Gest\u00e3o da Qualidade e da Seguran\u00e7a da Informa\u00e7\u00e3o, de forma que esteja completamente integrado nas suas atividades de curto, m\u00e9dio e longo prazo.[\/vc_column_text][\/vc_column][\/vc_row]<\/p>\n<\/div>","protected":false},"excerpt":{"rendered":"<p>[vc_row][vc_column][vc_custom_heading text=&#8221;Pol\u00edtica de Gesti\u00f3n&#8221; font_container=&#8221;tag:h1|text_align:center&#8221; use_theme_fonts=&#8221;yes&#8221; el_class=&#8221;primary-color&#8221;][\/vc_column][\/vc_row][vc_row][vc_column][vc_column_text]A ACL DIRECTPROMO \u00e9 uma empresa dedicada \u00e0 gest\u00e3o de promo\u00e7\u00f5es de incentivos realizadas pelos seus clientes (empresa promotora) com os seus distribuidores, clientes ou redes comerciais. Desde a sua funda\u00e7\u00e3o, est\u00e1 absolutamente comprometida com a Qualidade do Servi\u00e7o como eixo central de sua estrat\u00e9gia empresarial, bem como com [&hellip;]<\/p>\n","protected":false},"author":8,"featured_media":0,"parent":0,"menu_order":0,"comment_status":"closed","ping_status":"closed","template":"","meta":{"footnotes":""},"yoast_head":"<!-- This site is optimized with the Yoast SEO plugin v21.3 - https:\/\/yoast.com\/wordpress\/plugins\/seo\/ -->\n<title>Pol\u00edtica de Gesti\u00f3n - ACL Direct Promo<\/title>\n<meta name=\"robots\" content=\"index, follow, max-snippet:-1, max-image-preview:large, max-video-preview:-1\" \/>\n<link rel=\"canonical\" href=\"https:\/\/acl-directpromo.com\/pt-pt\/politica-de-gestion\/\" \/>\n<meta property=\"og:locale\" content=\"pt_PT\" \/>\n<meta property=\"og:type\" content=\"article\" \/>\n<meta property=\"og:title\" content=\"Pol\u00edtica de Gesti\u00f3n - ACL Direct Promo\" \/>\n<meta property=\"og:description\" content=\"[vc_row][vc_column][vc_custom_heading text=&#8221;Pol\u00edtica de Gesti\u00f3n&#8221; font_container=&#8221;tag:h1|text_align:center&#8221; use_theme_fonts=&#8221;yes&#8221; el_class=&#8221;primary-color&#8221;][\/vc_column][\/vc_row][vc_row][vc_column][vc_column_text]A ACL DIRECTPROMO \u00e9 uma empresa dedicada \u00e0 gest\u00e3o de promo\u00e7\u00f5es de incentivos realizadas pelos seus clientes (empresa promotora) com os seus distribuidores, clientes ou redes comerciais. Desde a sua funda\u00e7\u00e3o, est\u00e1 absolutamente comprometida com a Qualidade do Servi\u00e7o como eixo central de sua estrat\u00e9gia empresarial, bem como com [&hellip;]\" \/>\n<meta property=\"og:url\" content=\"https:\/\/acl-directpromo.com\/pt-pt\/politica-de-gestion\/\" \/>\n<meta property=\"og:site_name\" content=\"ACL Direct Promo\" \/>\n<meta property=\"article:modified_time\" content=\"2025-03-25T15:44:22+00:00\" \/>\n<meta name=\"twitter:card\" content=\"summary_large_image\" \/>\n<meta name=\"twitter:label1\" content=\"Tempo estimado de leitura\" \/>\n\t<meta name=\"twitter:data1\" content=\"2 minutos\" \/>\n<!-- \/ Yoast SEO plugin. -->","yoast_head_json":{"title":"Pol\u00edtica de Gesti\u00f3n - ACL Direct Promo","robots":{"index":"index","follow":"follow","max-snippet":"max-snippet:-1","max-image-preview":"max-image-preview:large","max-video-preview":"max-video-preview:-1"},"canonical":"https:\/\/acl-directpromo.com\/pt-pt\/politica-de-gestion\/","og_locale":"pt_PT","og_type":"article","og_title":"Pol\u00edtica de Gesti\u00f3n - ACL Direct Promo","og_description":"[vc_row][vc_column][vc_custom_heading text=&#8221;Pol\u00edtica de Gesti\u00f3n&#8221; font_container=&#8221;tag:h1|text_align:center&#8221; use_theme_fonts=&#8221;yes&#8221; el_class=&#8221;primary-color&#8221;][\/vc_column][\/vc_row][vc_row][vc_column][vc_column_text]A ACL DIRECTPROMO \u00e9 uma empresa dedicada \u00e0 gest\u00e3o de promo\u00e7\u00f5es de incentivos realizadas pelos seus clientes (empresa promotora) com os seus distribuidores, clientes ou redes comerciais. Desde a sua funda\u00e7\u00e3o, est\u00e1 absolutamente comprometida com a Qualidade do Servi\u00e7o como eixo central de sua estrat\u00e9gia empresarial, bem como com [&hellip;]","og_url":"https:\/\/acl-directpromo.com\/pt-pt\/politica-de-gestion\/","og_site_name":"ACL Direct Promo","article_modified_time":"2025-03-25T15:44:22+00:00","twitter_card":"summary_large_image","twitter_misc":{"Tempo estimado de leitura":"2 minutos"},"schema":{"@context":"https:\/\/schema.org","@graph":[{"@type":"WebPage","@id":"https:\/\/acl-directpromo.com\/pt-pt\/politica-de-gestion\/","url":"https:\/\/acl-directpromo.com\/pt-pt\/politica-de-gestion\/","name":"Pol\u00edtica de Gesti\u00f3n - ACL Direct Promo","isPartOf":{"@id":"https:\/\/acl-directpromo.com\/#website"},"datePublished":"2025-03-25T12:47:14+00:00","dateModified":"2025-03-25T15:44:22+00:00","inLanguage":"pt-PT","potentialAction":[{"@type":"ReadAction","target":["https:\/\/acl-directpromo.com\/pt-pt\/politica-de-gestion\/"]}]},{"@type":"WebSite","@id":"https:\/\/acl-directpromo.com\/#website","url":"https:\/\/acl-directpromo.com\/","name":"Programas de Fidelizaci\u00f3n e Incentivos - ACL Direct Promo","description":"Programas de Fidelizaci\u00f3n e Incentivos","publisher":{"@id":"https:\/\/acl-directpromo.com\/#organization"},"potentialAction":[{"@type":"SearchAction","target":{"@type":"EntryPoint","urlTemplate":"https:\/\/acl-directpromo.com\/?s={search_term_string}"},"query-input":"required name=search_term_string"}],"inLanguage":"pt-PT"},{"@type":"Organization","@id":"https:\/\/acl-directpromo.com\/#organization","name":"ACL Direct Promo","url":"https:\/\/acl-directpromo.com\/","logo":{"@type":"ImageObject","inLanguage":"pt-PT","@id":"https:\/\/acl-directpromo.com\/#\/schema\/logo\/image\/","url":"https:\/\/acl-directpromo.com\/wp-content\/uploads\/2023\/11\/ACL-Logo_horizontal_-GRANATE-1.png","contentUrl":"https:\/\/acl-directpromo.com\/wp-content\/uploads\/2023\/11\/ACL-Logo_horizontal_-GRANATE-1.png","width":478,"height":402,"caption":"ACL Direct Promo"},"image":{"@id":"https:\/\/acl-directpromo.com\/#\/schema\/logo\/image\/"}}]}},"_links":{"self":[{"href":"https:\/\/acl-directpromo.com\/pt-pt\/wp-json\/wp\/v2\/pages\/2884"}],"collection":[{"href":"https:\/\/acl-directpromo.com\/pt-pt\/wp-json\/wp\/v2\/pages"}],"about":[{"href":"https:\/\/acl-directpromo.com\/pt-pt\/wp-json\/wp\/v2\/types\/page"}],"author":[{"embeddable":true,"href":"https:\/\/acl-directpromo.com\/pt-pt\/wp-json\/wp\/v2\/users\/8"}],"replies":[{"embeddable":true,"href":"https:\/\/acl-directpromo.com\/pt-pt\/wp-json\/wp\/v2\/comments?post=2884"}],"version-history":[{"count":2,"href":"https:\/\/acl-directpromo.com\/pt-pt\/wp-json\/wp\/v2\/pages\/2884\/revisions"}],"predecessor-version":[{"id":2889,"href":"https:\/\/acl-directpromo.com\/pt-pt\/wp-json\/wp\/v2\/pages\/2884\/revisions\/2889"}],"wp:attachment":[{"href":"https:\/\/acl-directpromo.com\/pt-pt\/wp-json\/wp\/v2\/media?parent=2884"}],"curies":[{"name":"wp","href":"https:\/\/api.w.org\/{rel}","templated":true}]}}